{"id":9614,"date":"2019-05-10T14:36:26","date_gmt":"2019-05-10T12:36:26","guid":{"rendered":"https:\/\/www.acs-traduction.com\/online\/"},"modified":"2019-08-01T09:08:31","modified_gmt":"2019-08-01T07:08:31","slug":"online","status":"publish","type":"page","link":"https:\/\/www.acs-traduction.com\/en\/online\/","title":{"rendered":"ONLINE"},"content":{"rendered":"<p>[et_pb_section fb_built=&#8221;1&#8243; _builder_version=&#8221;3.19.3&#8243;][et_pb_row custom_padding=&#8221;0px|0px|0px|0px|true|false&#8221; custom_margin=&#8221;0px||0px||true&#8221; _builder_version=&#8221;3.19.3&#8243;][et_pb_column type=&#8221;4_4&#8243; _builder_version=&#8221;3.19.3&#8243;][et_pb_image src=&#8221;https:\/\/www.acs-traduction.com\/img\/logo-petale.png&#8221; show_bottom_space=&#8221;off&#8221; align=&#8221;center&#8221; _builder_version=&#8221;3.19.3&#8243; custom_margin=&#8221;||0px&#8221; custom_padding=&#8221;||0px|&#8221;][\/et_pb_image][\/et_pb_column][\/et_pb_row][et_pb_row custom_padding=&#8221;0|0px|0|0px|false|false&#8221; _builder_version=&#8221;3.19.3&#8243;][et_pb_column type=&#8221;4_4&#8243; _builder_version=&#8221;3.19.3&#8243;][et_pb_text _builder_version=&#8221;3.19.18&#8243; text_font=&#8221;||||||||&#8221; text_text_color=&#8221;#000000&#8243; header_font=&#8221;||||||||&#8221; header_2_font=&#8221;||||||||&#8221; text_orientation=&#8221;center&#8221;]<\/p>\n<h1 class=\"vert bold\"><span>Our services <\/span><br \/>\nin online translation<\/h1>\n<p>[\/et_pb_text][\/et_pb_column][\/et_pb_row][et_pb_row _builder_version=&#8221;3.19.18&#8243;][et_pb_column type=&#8221;1_3&#8243; _builder_version=&#8221;3.19.18&#8243;][et_pb_text _builder_version=&#8221;3.19.18&#8243; text_font=&#8221;||||||||&#8221; text_orientation=&#8221;center&#8221;]<a href=\"https:\/\/www.acs-traduction.com\/en\/website-translation-and-web-application-localisation\/\" title=\"Websites and web apps\" class=\"logo-web\"><img decoding=\"async\" src=\"\/img\/icon-adaptation.png\" alt=\"logo sites et applications web\"><\/p>\n<h3>Websites and web apps<\/h3>\n<p><\/a>[\/et_pb_text][\/et_pb_column][et_pb_column type=&#8221;1_3&#8243; _builder_version=&#8221;3.19.18&#8243;][et_pb_text _builder_version=&#8221;3.19.18&#8243; text_font=&#8221;||||||||&#8221; text_orientation=&#8221;center&#8221;]<a href=\"https:\/\/www.acs-traduction.com\/en\/online\/wordpress-website-translation-using-wpml\/\" title=\"traduction wordpress avec WPML\" class=\"logo-web\"><img decoding=\"async\" src=\"\/img\/icon-traduction-wordpress-wpml.png\" alt=\"logo WPML wordpress\"><\/p>\n<h3>WordPress WPML<\/h3>\n<p><\/a>[\/et_pb_text][\/et_pb_column][et_pb_column type=&#8221;1_3&#8243; _builder_version=&#8221;3.19.18&#8243;][et_pb_text _builder_version=&#8221;3.19.18&#8243; text_font=&#8221;||||||||&#8221; header_font=&#8221;||||||||&#8221; text_orientation=&#8221;center&#8221;] <a href=\"https:\/\/www.acs-traduction.com\/en\/online\/international-seo-website-translation\/\" title=\"traduction r\u00e9f\u00e9rencement international\" class=\"logo-web\"><img decoding=\"async\" src=\"\/img\/icon-traduction-referencement.png\" alt=\"logo r\u00e9f\u00e9rencement international et SEO\"><\/p>\n<h3>International SEO<\/h3>\n<p><\/a>[\/et_pb_text][\/et_pb_column][\/et_pb_row][\/et_pb_section][et_pb_section fb_built=&#8221;1&#8243; module_class=&#8221;format-accueil&#8221; _builder_version=&#8221;3.19.18&#8243; custom_padding=&#8221;0|0px|0|0px|false|false&#8221;][et_pb_row make_fullwidth=&#8221;on&#8221; use_custom_gutter=&#8221;on&#8221; gutter_width=&#8221;1&#8243; custom_padding=&#8221;0||0||false|false&#8221; make_equal=&#8221;on&#8221; bg_img_1=&#8221;https:\/\/www.acs-traduction.com\/img\/fond-2.png&#8221; background_size_1=&#8221;contain&#8221; background_position_1=&#8221;center_left&#8221; background_repeat_1=&#8221;no-repeat&#8221; padding_top_1=&#8221;30px&#8221; module_class_1=&#8221;fond-bleu_marine&#8221; module_class_2=&#8221;fond-web-principal&#8221; _builder_version=&#8221;3.19.18&#8243;][et_pb_column type=&#8221;1_2&#8243; _builder_version=&#8221;3.19.3&#8243;][et_pb_text _builder_version=&#8221;3.19.18&#8243; header_font=&#8221;||||||||&#8221; header_2_font=&#8221;||||||||&#8221; header_2_font_size=&#8221;30px&#8221; max_width=&#8221;90%&#8221; module_alignment=&#8221;center&#8221;]<\/p>\n<div class=\"blanc\">\n<h2 class=\"blanc margin-bottom1-2\">Meeting your exact needs<\/h2>\n<p class=\"margin-bottom\">This starts with our project manager&#8217;s prompt and attentive response to your requests.<\/p>\n<h2 class=\"blanc margin-bottom1-2\">Putting the best translation technology at your disposal<\/h2>\n<p class=\"margin-bottom\">We use only the best tools to make your life easier.<\/p>\n<\/div>\n<p>[\/et_pb_text][\/et_pb_column][et_pb_column type=&#8221;1_2&#8243; _builder_version=&#8221;3.19.3&#8243;][\/et_pb_column][\/et_pb_row][et_pb_row make_fullwidth=&#8221;on&#8221; use_custom_gutter=&#8221;on&#8221; gutter_width=&#8221;1&#8243; custom_padding=&#8221;0|0px|0|0px|false|false&#8221; make_equal=&#8221;on&#8221; module_class_1=&#8221;fond-daphne&#8221; module_class_2=&#8221;fond-gris&#8221; _builder_version=&#8221;3.19.18&#8243;][et_pb_column type=&#8221;1_2&#8243; _builder_version=&#8221;3.19.3&#8243;][et_pb_text _builder_version=&#8221;3.19.18&#8243; text_font=&#8221;|700|||||||&#8221; text_text_color=&#8221;#28366e&#8221; text_font_size=&#8221;20px&#8221; text_line_height=&#8221;1.4em&#8221; header_font=&#8221;||||||||&#8221; header_text_align=&#8221;left&#8221; module_alignment=&#8221;left&#8221; custom_margin=&#8221;||||false|false&#8221; custom_padding=&#8221;||||false|false&#8221;]<\/p>\n<div class=\"formats\">\n<p><i class=\"fas fa-check vert\"><\/i> DTP &#038; Formats<\/p>\n<p><i class=\"fas fa-check vert\"><\/i> Software &#038;<br \/> Mobile apps<\/p>\n<p><i class=\"fas fa-check vert\"><\/i> Online Translations<\/p>\n<p><i class=\"fas fa-check vert\"><\/i> PDF Formats<br \/> &#038; Images<\/p>\n<p>\u00a0<\/p>\n<\/div>\n<p>[\/et_pb_text][\/et_pb_column][et_pb_column type=&#8221;1_2&#8243; _builder_version=&#8221;3.19.3&#8243;][et_pb_text _builder_version=&#8221;3.19.18&#8243; text_font=&#8221;||||||||&#8221; header_font=&#8221;||||||||&#8221; header_2_font=&#8221;||||||||&#8221; header_2_text_color=&#8221;#28366e&#8221; header_2_font_size=&#8221;30px&#8221; text_orientation=&#8221;center&#8221; max_width=&#8221;90%&#8221; max_width_tablet=&#8221;90%&#8221; max_width_phone=&#8221;90%&#8221; max_width_last_edited=&#8221;on|phone&#8221; module_alignment=&#8221;center&#8221; custom_margin=&#8221;||&#8221; custom_margin_last_edited=&#8221;on|desktop&#8221; custom_padding=&#8221;||20px|&#8221;]<\/p>\n<h2 class=\"semibold\">Delivering documents that are ready to be used<\/h2>\n<p class=\"last-accueil\">We translate directly into your source documents\/software and finalise the layout through our graphic design and DTP (desktop publishing) service, so we can deliver documents that are ready to be used.<\/p>\n<p>[\/et_pb_text][et_pb_text module_class=&#8221;block-flex&#8221; _builder_version=&#8221;3.19.3&#8243; text_font=&#8221;||||||||&#8221; header_font=&#8221;||||||||&#8221; header_3_font=&#8221;||||||||&#8221; header_3_text_color=&#8221;#28366e&#8221; max_width=&#8221;80%&#8221; module_alignment=&#8221;center&#8221; custom_margin=&#8221;||20px&#8221; custom_padding=&#8221;|||25px||false&#8221; custom_padding_last_edited=&#8221;on|phone&#8221;]<\/p>\n<div class=\"col1-2 col1-2bis\">\n<h3 class=\"bold\"><i class=\"far fa-file-alt vert\"><\/i>DTP &#038; FORMATS<\/h3>\n<p>Microsoft Office, Adobe Suite (Indesign, Photoshop), Web (HTML, XML, Java Resource) Files.<\/p>\n<\/div>\n<div class=\"col1-2 col1-2bis\">\n<h3 class=\"bold\"><i class=\"fas fa-globe vert\"><\/i>ONLINE TRANSLATIONS<\/h3>\n<p>Formats compatible with the back office of your Website \u2013 WordPress, Joomla, Woocommerce, Prestashop or in HTML.<\/p>\n<\/div>\n<p>[\/et_pb_text][et_pb_text module_class=&#8221;block-flex&#8221; _builder_version=&#8221;3.19.18&#8243; header_font=&#8221;||||||||&#8221; header_3_font=&#8221;||||||||&#8221; header_3_text_color=&#8221;#28366e&#8221; max_width=&#8221;80%&#8221; module_alignment=&#8221;center&#8221; custom_margin=&#8221;||20px&#8221; custom_padding=&#8221;|||25px||false&#8221; custom_padding_last_edited=&#8221;off|desktop&#8221;]<\/p>\n<div class=\"col1-2 col1-2bis\">\n<h3 class=\" maj bold\"><i class=\"fas fa-mobile-alt vert\"><\/i>Software &#038; Mobile apps<\/h3>\n<p>String, .po, .pot, .xlif, .yml, .srt, .json, .html, Yaml ; .ocr, srt, etc.<\/p>\n<\/div>\n<div class=\"col1-2 col1-2bis\">\n<h3 class=\"bold maj\"><i class=\"far fa-file-pdf vert\"><\/i>PDF FORMAT &#038; Images<\/h3>\n<p>Extraction of image .pdf file text and layout of the translation in your original format.<\/p>\n<\/div>\n<p>[\/et_pb_text][\/et_pb_column][\/et_pb_row][\/et_pb_section][et_pb_section fb_built=&#8221;1&#8243; module_class=&#8221;fond-bleu&#8221; _builder_version=&#8221;3.19.18&#8243;][et_pb_row _builder_version=&#8221;3.19.18&#8243;][et_pb_column type=&#8221;4_4&#8243; _builder_version=&#8221;3.19.18&#8243;][et_pb_text _builder_version=&#8221;3.19.18&#8243; text_font=&#8221;||||||||&#8221; text_orientation=&#8221;center&#8221;]<\/p>\n<h2 class=\"blanc bold\">Do you have a translation project?<br \/> Feel free to contact us!<\/h2>\n<p>[\/et_pb_text][et_pb_button button_url=&#8221;https:\/\/www.acs-traduction.com\/en\/request-quote\/&#8221; button_text=&#8221;REQUEST A QUOTE&#8221; button_alignment=&#8221;center&#8221; _builder_version=&#8221;3.19.18&#8243; custom_button=&#8221;on&#8221; button_text_size=&#8221;15px&#8221; button_text_color=&#8221;#ffffff&#8221; button_bg_color=&#8221;#19a35e&#8221; button_border_color=&#8221;#19a35e&#8221; button_border_radius=&#8221;25px&#8221; button_font=&#8221;||||||||&#8221; custom_margin=&#8221;|||&#8221; custom_margin_phone=&#8221;|||||false&#8221; custom_margin_last_edited=&#8221;on|phone&#8221; custom_padding=&#8221;|||||false&#8221; custom_padding_last_edited=&#8221;off|desktop&#8221; custom_css_main_element=&#8221;clear:both;&#8221; button_text_color__hover_enabled=&#8221;on&#8221; button_text_color__hover=&#8221;#ffffff&#8221; button_bg_color__hover_enabled=&#8221;on&#8221; button_bg_color__hover=&#8221;#28366e&#8221; button_border_color__hover_enabled=&#8221;on&#8221; button_border_color__hover=&#8221;#ffffff&#8221; custom_padding__hover=&#8221;|||||false&#8221;][\/et_pb_button][et_pb_text _builder_version=&#8221;3.19.18&#8243; text_font=&#8221;||||||||&#8221; text_orientation=&#8221;center&#8221;]<\/p>\n<p class=\"blanc\"><i class=\"fas fa-history\"><\/i> We\u2019ll get back to you within 1 hour during office hours<\/p>\n<p>[\/et_pb_text][\/et_pb_column][\/et_pb_row][\/et_pb_section][et_pb_section fb_built=&#8221;1&#8243; _builder_version=&#8221;3.19.3&#8243; background_size=&#8221;contain&#8221; background_position=&#8221;center_right&#8221; custom_padding=&#8221;28px|0px|0|0px|false|false&#8221;][et_pb_row custom_padding=&#8221;28px|0px|0|0px|false|false&#8221; _builder_version=&#8221;3.19.3&#8243;][et_pb_column type=&#8221;4_4&#8243; _builder_version=&#8221;3.19.3&#8243;][et_pb_text _builder_version=&#8221;3.19.3&#8243; text_font=&#8221;||||||||&#8221; header_font=&#8221;||||||||&#8221; header_2_font=&#8221;||||||||&#8221; text_orientation=&#8221;center&#8221;]<\/p>\n<h2 class=\"bleu semibold\">Our method<\/h2>\n<p>For us, quality begins with a thorough understanding of your needs and a rigorous work method.<br \/>\nTo this end, our professional translation agency has adopted the European quality standard ISO 17100:2015, which sets the quality standard for translation services.<\/p>\n<p>[\/et_pb_text][\/et_pb_column][\/et_pb_row][et_pb_row use_custom_width=&#8221;on&#8221; custom_width_px=&#8221;1000px&#8221; module_class=&#8221;methode-accueil-content-bleu&#8221; _builder_version=&#8221;3.19.3&#8243;][et_pb_column type=&#8221;1_4&#8243; _builder_version=&#8221;3.19.3&#8243;][et_pb_image src=&#8221;https:\/\/www.acs-traduction.com\/wp-content\/uploads\/2019\/02\/logo-contact-methode.png&#8221; align=&#8221;center&#8221; _builder_version=&#8221;3.19.3&#8243;][\/et_pb_image][et_pb_text _builder_version=&#8221;3.19.3&#8243; text_font=&#8221;||||||||&#8221; header_font=&#8221;||||||||&#8221; header_2_font=&#8221;||||||||&#8221; header_3_font=&#8221;||||||||&#8221; text_orientation=&#8221;center&#8221;]<\/p>\n<h3 class=\"maj vert\">Contact<\/h3>\n<p>In order to meet your exact needs, we put particular emphasis on quick turnaround times and quality customer service. <\/p>\n<p>[\/et_pb_text][\/et_pb_column][et_pb_column type=&#8221;1_4&#8243; _builder_version=&#8221;3.19.3&#8243;][et_pb_image src=&#8221;https:\/\/www.acs-traduction.com\/wp-content\/uploads\/2019\/02\/logo-traduction-methode.png&#8221; align=&#8221;center&#8221; _builder_version=&#8221;3.19.3&#8243;][\/et_pb_image][et_pb_text _builder_version=&#8221;3.19.3&#8243; text_font=&#8221;||||||||&#8221; header_font=&#8221;||||||||&#8221; header_3_font=&#8221;||||||||&#8221; text_orientation=&#8221;center&#8221;]<\/p>\n<h3 class=\"maj vert\">Translation<\/h3>\n<p>Our best translators in over 20 languages <\/p>\n<p>[\/et_pb_text][\/et_pb_column][et_pb_column type=&#8221;1_4&#8243; _builder_version=&#8221;3.19.3&#8243;][et_pb_image src=&#8221;https:\/\/www.acs-traduction.com\/wp-content\/uploads\/2019\/02\/logo-relecture-methode.png&#8221; align=&#8221;center&#8221; _builder_version=&#8221;3.19.3&#8243;][\/et_pb_image][et_pb_text _builder_version=&#8221;3.19.3&#8243; text_font=&#8221;||||||||&#8221; header_font=&#8221;||||||||&#8221; text_orientation=&#8221;center&#8221;]<\/p>\n<h3 class=\"maj vert\">Proofreading<\/h3>\n<p>You can monitor the status of your translation project in real time through your secure online account on our dedicated platform. <\/p>\n<p>[\/et_pb_text][\/et_pb_column][et_pb_column type=&#8221;1_4&#8243; _builder_version=&#8221;3.19.3&#8243;][et_pb_image src=&#8221;https:\/\/www.acs-traduction.com\/wp-content\/uploads\/2019\/02\/logo-livraison-methode.png&#8221; align=&#8221;center&#8221; _builder_version=&#8221;3.19.3&#8243;][\/et_pb_image][et_pb_text _builder_version=&#8221;3.19.3&#8243; text_font=&#8221;||||||||&#8221; header_font=&#8221;||||||||&#8221; header_3_font=&#8221;||||||||&#8221; text_orientation=&#8221;center&#8221;]<\/p>\n<h3 class=\"maj vert\">Delivery<\/h3>\n<p>You will receive documents that are ready to be used <\/p>\n<p>[\/et_pb_text][\/et_pb_column][\/et_pb_row][\/et_pb_section][et_pb_section fb_built=&#8221;1&#8243; module_class=&#8221;fond-bleu&#8221; _builder_version=&#8221;3.19.18&#8243; custom_padding=&#8221;29px|0px|29px|0px|false|false&#8221;][et_pb_row custom_padding=&#8221;28px|0px|0|0px|false|false&#8221; _builder_version=&#8221;3.19.18&#8243;][et_pb_column type=&#8221;4_4&#8243; _builder_version=&#8221;3.19.18&#8243;][et_pb_text module_class=&#8221;line-height&#8221; _builder_version=&#8221;3.19.18&#8243; text_font=&#8221;||||||||&#8221; text_font_size=&#8221;28px&#8221; header_font=&#8221;||||||||&#8221; text_orientation=&#8221;center&#8221;]<\/p>\n<p class=\"blanc bold line-height\">Our objective:<br \/>\nTo help you promote your company&#8217;s reputation abroad.<\/p>\n<p>[\/et_pb_text][et_pb_text _builder_version=&#8221;3.19.18&#8243; custom_padding=&#8221;|20px||20px||true&#8221;]<\/p>\n<div>\n<p class=\"block-accueil\">\n<a href=\"https:\/\/www.acs-traduction.com\/en\/our-services\/\" title=\"Translation\"><img decoding=\"async\" src=\"\/img\/icon-traduction-accueil.png\" alt=\"icone repr\u00e9sentant la traduction\" \/><br \/> <span>Translation<\/span><\/a><\/p>\n<p class=\"block-accueil\"><a href=\"https:\/\/www.acs-traduction.com\/en\/online\/\" title=\"Online translation\"><img decoding=\"async\" src=\"\/img\/icon-adaptation-accueil.png\" alt=\"icone repr\u00e9sentant l'adaptation web\" \/><br \/> <span>Online<\/span><\/a><\/p>\n<p class=\"block-accueil\"><a href=\"https:\/\/www.acs-traduction.com\/en\/our-services\/event-congress-and-conference-interpreting\/\" title=\"Interpreting\"><img decoding=\"async\" src=\"\/img\/icon-interpretariat-accueil.png\" alt=\"icone repr\u00e9sentant l'interpr\u00e9tariat\" \/><br \/> <span>Interpreting<\/span><\/a><\/p>\n<\/div>\n<p>[\/et_pb_text][\/et_pb_column][\/et_pb_row][\/et_pb_section][et_pb_section fb_built=&#8221;1&#8243; _builder_version=&#8221;3.19.3&#8243; custom_padding=&#8221;0|0px|0|0px|false|false&#8221;][et_pb_row custom_padding=&#8221;24px|0px|0|0px|false|false&#8221; _builder_version=&#8221;3.19.3&#8243;][et_pb_column type=&#8221;4_4&#8243; _builder_version=&#8221;3.19.3&#8243;][et_pb_text ul_type=&#8221;none&#8221; module_class=&#8221;liste-fin-accueil&#8221; _builder_version=&#8221;3.19.3&#8243; text_font=&#8221;||||||||&#8221; text_text_color=&#8221;#28366e&#8221; ul_font=&#8221;||||||||&#8221;]<\/p>\n<ul>\n<li><img decoding=\"async\" src=\"\/img\/symbole-bas-de-page.png\" alt=\"symbole d'ajout sur fond d'une partie du logo\">Quick turnaround times and quality customer service<\/li>\n<li> <img decoding=\"async\" src=\"\/img\/symbole-bas-de-page.png\" alt=\"symbole d'ajout sur fond d'une partie du logo\"> DTP services <\/li>\n<li><img decoding=\"async\" src=\"\/img\/symbole-bas-de-page.png\" alt=\"symbole d'ajout sur fond d'une partie du logo\"> Our best translators in over 20 languages<\/li>\n<li><img decoding=\"async\" src=\"\/img\/symbole-bas-de-page.png\" alt=\"symbole d'ajout sur fond d'une partie du logo\"> Services provided according to the standard ISO 17100:2015 <\/li>\n<li><img decoding=\"async\" src=\"\/img\/symbole-bas-de-page.png\" alt=\"symbole d'ajout sur fond d'une partie du logo\"> Confidentiality<\/li>\n<\/ul>\n<p>[\/et_pb_text][\/et_pb_column][\/et_pb_row][\/et_pb_section]<\/p>\n","protected":false},"excerpt":{"rendered":"<p>Our services in online translationWebsites and web appsWordpress WPML International SEO Meeting your exact needs This starts with our project manager&#8217;s prompt and attentive response to your requests. Putting the best translation technology at your disposal We use only the best tools to make your life easier. DTP &#038; Formats Software &#038; Mobile apps Online [&hellip;]<\/p>\n","protected":false},"author":2,"featured_media":0,"parent":0,"menu_order":0,"comment_status":"closed","ping_status":"closed","template":"","meta":{"_et_pb_use_builder":"on","_et_pb_old_content":"[fullwidth class=\"lddw-h1\"]<h1>Traduction Web<\/h1>[\/fullwidth]\r\n[fullwidth]\r\n<h2>Nos services de traduction Web<\/h2>[columns equal_height=\"no\"]\r\n[column fraction=\"50\"]<ul>\r\n<li><strong>R\u00e9pondre parfaitement \u00e0 vos besoins<\/strong> : cela passe par la r\u00e9activit\u00e9 et l\u2019\u00e9coute que porte notre charg\u00e9 de projets \u00e0 votre demande.<\/li>\r\n<li><strong>Vous proposer la meilleure technologie de traduction <\/strong> : nous disposons des meilleurs outils pour vous faciliter la vie.<\/li>\r\n<\/ul>[\/column]\r\n[column fraction=\"50\"]<ul>\r\n<li><strong>Vous tenir inform\u00e9 en temps r\u00e9el<\/strong> : vous suivez l\u2019avanc\u00e9e de votre projet de traduction au sein de votre espace personnel s\u00e9curis\u00e9 sur notre plateforme d\u00e9di\u00e9e.<\/li>\r\n<li><strong>Vous livrer des documents pr\u00eats \u00e0 l\u2019emploi<\/strong> : nous traduisons directement dans vos documents\/logiciels source et finalisons votre mise en page gr\u00e2ce \u00e0 notre service de graphisme et de PAO (Publication assist\u00e9e par ordinateur), pour vous livrer des documents cl\u00e9s en main.<\/li>\r\n<\/ul>[\/column]\r\n[\/columns]\r\n[\/fullwidth]\r\n[fullwidth class=\"lddw-h1\"]<h1>Votre besoin<\/h1>[\/fullwidth]\r\n[fullwidth]\r\n[columns equal_height=\"no\" class=\"lddw-icons\"]\r\n[column fraction=\"25\" text_align=\"center\"]<h2><a href=\"\/?page_id=141\"><img src=\"\/img\/icon-documents-techniques.png\" alt=\"\" \/>TRADUCTION DE DOCUMENTS TECHNIQUES<\/a><\/h2>[\/column]\r\n[column fraction=\"25\" text_align=\"center\"]<h2><a href=\"\/?page_id=160\"><img src=\"\/img\/icon-documents-juridiques.png\" alt=\"\" \/>TRADUCTION DE DOCUMENTS JURIDIQUES<\/a><\/h2>[\/column]\r\n[column fraction=\"25\" text_align=\"center\"]<h2><a href=\"\/?page_id=164\"><img src=\"\/img\/icon-documents-financiers.png\" alt=\"\" \/>TRADUCTION DE DOCUMENTS FINANCIERS<\/a><\/h2>[\/column]\r\n[column fraction=\"25\" text_align=\"center\"]<h2><a href=\"\/?page_id=170\"><img src=\"\/img\/icon-web-app.png\" alt=\"\" \/>TRADUCTION DE SITES WEB ET APPLICATIONS WEB<\/a><\/h2>[\/column]\r\n[\/columns]\r\n[columns equal_height=\"no\" class=\"lddw-icons\"]\r\n[column fraction=\"25\" text_align=\"center\"]<h2><a href=\"\/?page_id=173\"><img src=\"\/img\/icon-documents-marketing.png\" alt=\"\" \/>TRADUCTION DE DOCUMENTS MARKETING, COMMERCIAUX OU COMMUNICATION<\/a><\/h2>[\/column]\r\n[column fraction=\"25\" text_align=\"center\"]<h2><a href=\"\/?page_id=185\"><img src=\"\/img\/icon-documents-cosmetiques.png\" alt=\"\" \/>TRADUCTION DE DOCUMENTS UNIVERS ME?DICAL \/ COSME?TIQUE<\/a><\/h2>[\/column]\r\n[column fraction=\"25\" text_align=\"center\"]<h2><a href=\"\/?page_id=189\"><img src=\"\/img\/icon-documents-interpretariat.png\" alt=\"\" \/>INTERPRE?TARIAT E?VE?NEMENTS CONGRE?S<\/a><\/h2>[\/column]\r\n[column fraction=\"25\" text_align=\"center\"]<h2><a href=\"\/traduction-specialisee\/traduction-officielle\/\"><img src=\"\/img\/icon-documents-officiels.png\" alt=\"\" \/>TRADUCTION DE DOCUMENTS OFFICIELS<\/a><\/h2>[\/column]\r\n[\/columns]\r\n[\/fullwidth]\r\n[fullwidth class=\"lddw-encadre\"]\r\n<h2>Langues de traduction sp\u00e9cialis\u00e9e<\/h2>\r\n[p]Fran\u00e7ais, Anglais britannique, Anglais am\u00e9ricain, Allemand, Espagnol, Italien, N\u00e9erlandais, Portugais, Grec, Turc, Chinois simplifi\u00e9 et traditionnel, Japonais, Russe, Ukrainien, Roumain, Polonais, Arabe, Su\u00e9dois, Finnois, Norv\u00e9gien...<br \/>Notre r\u00e9seau de traducteurs s\u2019\u00e9tend dans le monde entier : pour toute autre langue, <a href=\"\/?page_id=12\">contactez-nous<\/a>.[\/p]\r\n<h2>Nous vous r\u00e9pondons sous 60 min<\/h2>\r\n[button text_button=\"DEMANDE DE DEVIS\" type=\"medium\" align=\"center\" color=\"#19a35e\" background_color=\"#ffffff\" background_hover_color=\"#28366e\" hover_color=\"#FFFFFF\" margin_top=\"2em\" link=\"\/contact\"][\/fullwidth]","_et_gb_content_width":"","phrase_has_initial_content_push":false,"footnotes":""},"yst_prominent_words":[57,257,252,8,915,766],"class_list":["post-9614","page","type-page","status-publish","hentry"],"_links":{"self":[{"href":"https:\/\/www.acs-traduction.com\/en\/wp-json\/wp\/v2\/pages\/9614","targetHints":{"allow":["GET"]}}],"collection":[{"href":"https:\/\/www.acs-traduction.com\/en\/wp-json\/wp\/v2\/pages"}],"about":[{"href":"https:\/\/www.acs-traduction.com\/en\/wp-json\/wp\/v2\/types\/page"}],"author":[{"embeddable":true,"href":"https:\/\/www.acs-traduction.com\/en\/wp-json\/wp\/v2\/users\/2"}],"replies":[{"embeddable":true,"href":"https:\/\/www.acs-traduction.com\/en\/wp-json\/wp\/v2\/comments?post=9614"}],"version-history":[{"count":3,"href":"https:\/\/www.acs-traduction.com\/en\/wp-json\/wp\/v2\/pages\/9614\/revisions"}],"predecessor-version":[{"id":11501,"href":"https:\/\/www.acs-traduction.com\/en\/wp-json\/wp\/v2\/pages\/9614\/revisions\/11501"}],"wp:attachment":[{"href":"https:\/\/www.acs-traduction.com\/en\/wp-json\/wp\/v2\/media?parent=9614"}],"wp:term":[{"taxonomy":"yst_prominent_words","embeddable":true,"href":"https:\/\/www.acs-traduction.com\/en\/wp-json\/wp\/v2\/yst_prominent_words?post=9614"}],"curies":[{"name":"wp","href":"https:\/\/api.w.org\/{rel}","templated":true}]}}