{"id":13342,"date":"2022-11-07T11:34:44","date_gmt":"2022-11-07T10:34:44","guid":{"rendered":"https:\/\/www.acs-traduction.com\/online\/wordpress-website-translations-with-acstraduction\/"},"modified":"2022-11-07T11:34:47","modified_gmt":"2022-11-07T10:34:47","slug":"wordpress-website-translations-with-acstraduction","status":"publish","type":"page","link":"https:\/\/www.acs-traduction.com\/en\/online\/wordpress-website-translations-with-acstraduction\/","title":{"rendered":"WordPress website translations with ACStraduction"},"content":{"rendered":"<p>[et_pb_section fb_built=&#8221;1&#8243; module_class=&#8221;no-padding&#8221; _builder_version=&#8221;4.16&#8243; _module_preset=&#8221;default&#8221; global_colors_info=&#8221;{}&#8221;][et_pb_row _builder_version=&#8221;4.16&#8243; _module_preset=&#8221;default&#8221; global_colors_info=&#8221;{}&#8221;][et_pb_column type=&#8221;4_4&#8243; _builder_version=&#8221;4.16&#8243; _module_preset=&#8221;default&#8221; global_colors_info=&#8221;{}&#8221;][et_pb_image src=&#8221;https:\/\/www.acs-traduction.com\/wp-content\/uploads\/2022\/10\/logo-petale.png&#8221; align=&#8221;center&#8221; _builder_version=&#8221;4.16&#8243; _module_preset=&#8221;default&#8221; global_colors_info=&#8221;{}&#8221;][\/et_pb_image][\/et_pb_column][\/et_pb_row][et_pb_row column_structure=&#8221;1_2,1_2&#8243; use_custom_gutter=&#8221;on&#8221; gutter_width=&#8221;2&#8243; make_equal=&#8221;on&#8221; module_class=&#8221;bordure-top-bleu fond-gris align-center&#8221; _builder_version=&#8221;4.16&#8243; _module_preset=&#8221;default&#8221; width_tablet=&#8221;&#8221; width_phone=&#8221;100%&#8221; width_last_edited=&#8221;on|phone&#8221; global_colors_info=&#8221;{}&#8221;][et_pb_column type=&#8221;1_2&#8243; _builder_version=&#8221;4.16&#8243; _module_preset=&#8221;default&#8221; global_colors_info=&#8221;{}&#8221;][et_pb_image src=&#8221;https:\/\/www.acs-traduction.com\/wp-content\/uploads\/2022\/10\/icon-traduction-wordpress-wpml.png&#8221; align=&#8221;right&#8221; align_tablet=&#8221;center&#8221; align_phone=&#8221;center&#8221; align_last_edited=&#8221;on|tablet&#8221; _builder_version=&#8221;4.16&#8243; _module_preset=&#8221;default&#8221; global_colors_info=&#8221;{}&#8221;][\/et_pb_image][\/et_pb_column][et_pb_column type=&#8221;1_2&#8243; _builder_version=&#8221;4.16&#8243; _module_preset=&#8221;default&#8221; global_colors_info=&#8221;{}&#8221;][et_pb_text _builder_version=&#8221;4.16&#8243; _module_preset=&#8221;default&#8221; text_orientation_tablet=&#8221;center&#8221; text_orientation_phone=&#8221;center&#8221; text_orientation_last_edited=&#8221;on|tablet&#8221; global_colors_info=&#8221;{}&#8221;]<\/p>\n<h1 class=\"vert bold\">WordPress website translations<br \/><span>with WPML<\/span><\/h1>\n<p>[\/et_pb_text][\/et_pb_column][\/et_pb_row][et_pb_row module_class=&#8221;fond-gris&#8221; _builder_version=&#8221;4.16&#8243; _module_preset=&#8221;default&#8221; width_tablet=&#8221;&#8221; width_phone=&#8221;100%&#8221; width_last_edited=&#8221;on|phone&#8221; global_colors_info=&#8221;{}&#8221;][et_pb_column type=&#8221;4_4&#8243; _builder_version=&#8221;4.16&#8243; _module_preset=&#8221;default&#8221; global_colors_info=&#8221;{}&#8221;][et_pb_text module_class=&#8221;left-right-30&#8243; _builder_version=&#8221;4.16&#8243; _module_preset=&#8221;default&#8221; global_colors_info=&#8221;{}&#8221;]<\/p>\n<h2 class=\"bleu\">Are you already a WPML user? Have you already downloaded the WPML plug-in to translate your WordPress websites?<\/h2>\n<p>To get started collaborating with ACSTraduction from now on you can <a href=\"#token\">ask us for a security token<i class=\"fas fa-external-link-alt\"><\/i><\/a> to connect us to your website.<\/p>\n<p>[\/et_pb_text][\/et_pb_column][\/et_pb_row][et_pb_row column_structure=&#8221;1_2,1_2&#8243; module_class=&#8221;fond-gris&#8221; _builder_version=&#8221;4.16&#8243; _module_preset=&#8221;default&#8221; width_tablet=&#8221;&#8221; width_phone=&#8221;100%&#8221; width_last_edited=&#8221;on|phone&#8221; global_colors_info=&#8221;{}&#8221;][et_pb_column type=&#8221;1_2&#8243; _builder_version=&#8221;4.16&#8243; _module_preset=&#8221;default&#8221; global_colors_info=&#8221;{}&#8221;][et_pb_image src=&#8221;https:\/\/localisation.acs-traduction.com\/img\/WPMLclient.JPG&#8221; module_class=&#8221;left-right-30&#8243; _builder_version=&#8221;4.16&#8243; _module_preset=&#8221;default&#8221; global_colors_info=&#8221;{}&#8221;][\/et_pb_image][\/et_pb_column][et_pb_column type=&#8221;1_2&#8243; _builder_version=&#8221;4.16&#8243; _module_preset=&#8221;default&#8221; global_colors_info=&#8221;{}&#8221;][et_pb_text module_class=&#8221;left-right-30&#8243; _builder_version=&#8221;4.16&#8243; _module_preset=&#8221;default&#8221; global_colors_info=&#8221;{}&#8221;]<\/p>\n<h2 class=\"bleu bold\">WordPress website translations with ACSTraduction<\/h2>\n<p>We translate various WordPress websites every month with WPML. You can trust us with your website translation, in fact, we have been partners with WPML for more than <strong>4<\/strong> years!<\/p>\n<p>We are based in Grenoble, the second most innovative city in Europe after Barcelona, and every day we strive to be more innovative and offer you the best translation services.<\/p>\n<p>We rely on our team of translators, who specialise in all types of domains and sub-domains and can offer you the most qualified translators for your website translation.<\/p>\n<p>[\/et_pb_text][\/et_pb_column][\/et_pb_row][et_pb_row column_structure=&#8221;1_2,1_2&#8243; make_equal=&#8221;on&#8221; module_class=&#8221;fond-gris&#8221; _builder_version=&#8221;4.16&#8243; _module_preset=&#8221;default&#8221; width_tablet=&#8221;&#8221; width_phone=&#8221;100%&#8221; width_last_edited=&#8221;on|phone&#8221; global_colors_info=&#8221;{}&#8221;][et_pb_column type=&#8221;1_2&#8243; module_class=&#8221;left-right-30&#8243; _builder_version=&#8221;4.16&#8243; _module_preset=&#8221;default&#8221; global_colors_info=&#8221;{}&#8221;][et_pb_text _builder_version=&#8221;4.16&#8243; _module_preset=&#8221;default&#8221; global_colors_info=&#8221;{}&#8221;]<\/p>\n<h2 class=\"bleu center\">We can work with you to ensure international success! Our goal is to have humans and technology working in unison.<\/h2>\n<p>[\/et_pb_text][\/et_pb_column][et_pb_column type=&#8221;1_2&#8243; module_class=&#8221;left-right-30&#8243; _builder_version=&#8221;4.16&#8243; _module_preset=&#8221;default&#8221; global_colors_info=&#8221;{}&#8221;][et_pb_text _builder_version=&#8221;4.16&#8243; _module_preset=&#8221;default&#8221; global_colors_info=&#8221;{}&#8221;]<\/p>\n<h2 class=\"bleu bold\"><a href=\"#token\">Get a security token<i class=\"fas fa-external-link-alt\"><\/i><\/a><\/h2>\n<p>To get an idea of the cost, use the WPML word counter and when you contact us, just let us know the wordcount and we will be able to give you a price estimation. For a more exact quotation, as soon as you receive the token, send us the pages via your basket![\/et_pb_text][\/et_pb_column][\/et_pb_row][et_pb_row module_class=&#8221;fond-gris&#8221; _builder_version=&#8221;4.16&#8243; _module_preset=&#8221;default&#8221; width_tablet=&#8221;&#8221; width_phone=&#8221;100%&#8221; width_last_edited=&#8221;on|phone&#8221; global_colors_info=&#8221;{}&#8221;][et_pb_column type=&#8221;4_4&#8243; _builder_version=&#8221;4.16&#8243; _module_preset=&#8221;default&#8221; global_colors_info=&#8221;{}&#8221;][et_pb_text module_class=&#8221;left-right-30&#8243; _builder_version=&#8221;4.16&#8243; _module_preset=&#8221;default&#8221; global_colors_info=&#8221;{}&#8221;]<\/p>\n<h2 class=\"bleu bold\">Why should you contact us for WordPress website translations?<\/h2>\n<p>Firstly, we are a professional translation agency. That means that all of our translators are qualified. They only translate into their native languages and specialise in at least 1 or 2 subdomains.<\/p>\n<p>When you choose to begin working with us, we will also choose the right translator for your projects, according to their specialities and your requirements. This translator will then be brought in for any of your future projects.<\/p>\n<p>We also provide express services as we are aware of your requirements. Having said this, WordPress website translation does not usually take that long. On average, we can carry out a WordPress website translation in under one week.<\/p>\n<p>Finally, we know that businesses allocate a specific translation budget. According to your budget, we will advise you on the best services for you. <a href=\"\/?page_id=280\">Post-edition<\/a>, translation, or even transcreation?<\/p>\n<p>We offer tailor-made services in order to accommodate you.&nbsp; <strong>Do not hesitate to contact us, we would be delighted to advise you!<\/strong><\/p>\n<p>[\/et_pb_text][\/et_pb_column][\/et_pb_row][et_pb_row module_id=&#8221;token&#8221; _builder_version=&#8221;4.16&#8243; _module_preset=&#8221;default&#8221; width=&#8221;100%&#8221; global_colors_info=&#8221;{}&#8221;][et_pb_column type=&#8221;4_4&#8243; _builder_version=&#8221;4.16&#8243; _module_preset=&#8221;default&#8221; global_colors_info=&#8221;{}&#8221;][et_pb_text module_class=&#8221;left-right-30&#8243; _builder_version=&#8221;4.18.0&#8243; _module_preset=&#8221;default&#8221; text_font_size=&#8221;16px&#8221; hover_enabled=&#8221;0&#8243; global_colors_info=&#8221;{}&#8221; sticky_enabled=&#8221;0&#8243;]<\/p>\n<h2 class=\"bleu\">Contact us<\/h2>\n<div class=\"caldera-grid\" id=\"caldera_form_1\" data-cf-ver=\"1.9.7\" data-cf-form-id=\"CF634578932b57b\"><div id=\"caldera_notices_1\" data-spinner=\"https:\/\/www.acs-traduction.com\/wp-admin\/images\/spinner.gif\"><\/div><form data-instance=\"1\" class=\"CF634578932b57b caldera_forms_form cfajax-trigger\" method=\"POST\" enctype=\"multipart\/form-data\" id=\"CF634578932b57b_1\" data-form-id=\"CF634578932b57b\" aria-label=\"Demande de Token FR\" data-target=\"#caldera_notices_1\" data-template=\"#cfajax_CF634578932b57b-tmpl\" data-cfajax=\"CF634578932b57b\" data-load-element=\"_parent\" data-load-class=\"cf_processing\" data-post-disable=\"0\" data-action=\"cf_process_ajax_submit\" data-request=\"https:\/\/www.acs-traduction.com\/en\/\/cf-api\/CF634578932b57b\" data-hiderows=\"true\">\r\n<input type=\"hidden\" id=\"_cf_verify_CF634578932b57b\" name=\"_cf_verify\" value=\"75976639a2\"  data-nonce-time=\"1776296078\" \/><input type=\"hidden\" name=\"_wp_http_referer\" value=\"\/en\/wp-json\/wp\/v2\/pages\/13342\" \/><div id=\"cf2-CF634578932b57b_1\"><\/div><input type=\"hidden\" name=\"_cf_frm_id\" value=\"CF634578932b57b\">\r\n<input type=\"hidden\" name=\"_cf_frm_ct\" value=\"1\">\r\n<input type=\"hidden\" name=\"cfajax\" value=\"CF634578932b57b\">\r\n<input type=\"hidden\" name=\"_cf_cr_pst\" value=\"13342\">\r\n<div class=\"hide\" style=\"display:none; overflow:hidden;height:0;width:0;\">\r\n<label>Twitter<\/label><input type=\"text\" name=\"twitter\" value=\"\" autocomplete=\"off\">\r\n<\/div><div id=\"CF634578932b57b_1-row-1\"  class=\"row  first_row\"><div  class=\"col-sm-6  first_col\"><div data-field-wrapper=\"fld_4027704\" class=\"form-group\" id=\"fld_4027704_1-wrap\">\r\n\t<label id=\"fld_4027704Label\" for=\"fld_4027704_1\" class=\"control-label\">Nom <span aria-hidden=\"true\" role=\"presentation\" class=\"field_required\" style=\"color:#ee0000;\">*<\/span><\/label>\r\n\t<div class=\"\">\r\n\t\t<input   required type=\"text\" data-field=\"fld_4027704\" class=\" form-control\" id=\"fld_4027704_1\" name=\"fld_4027704\" value=\"\" data-type=\"text\" aria-required=\"true\"   aria-labelledby=\"fld_4027704Label\" >\t\t\t<\/div>\r\n<\/div>\r\n<div data-field-wrapper=\"fld_3767401\" class=\"form-group\" id=\"fld_3767401_1-wrap\">\r\n\t<label id=\"fld_3767401Label\" for=\"fld_3767401_1\" class=\"control-label\">Pr\u00e9nom <span aria-hidden=\"true\" role=\"presentation\" class=\"field_required\" style=\"color:#ee0000;\">*<\/span><\/label>\r\n\t<div class=\"\">\r\n\t\t<input   required type=\"text\" data-field=\"fld_3767401\" class=\" form-control\" id=\"fld_3767401_1\" name=\"fld_3767401\" value=\"\" data-type=\"text\" aria-required=\"true\"   aria-labelledby=\"fld_3767401Label\" >\t\t\t<\/div>\r\n<\/div>\r\n<div data-field-wrapper=\"fld_7823120\" class=\"form-group\" id=\"fld_7823120_1-wrap\">\r\n\t<label id=\"fld_7823120Label\" for=\"fld_7823120_1\" class=\"control-label\">Num\u00e9ro de t\u00e9l\u00e9phone <span aria-hidden=\"true\" role=\"presentation\" class=\"field_required\" style=\"color:#ee0000;\">*<\/span><\/label>\r\n\t<div class=\"\">\r\n\t\t<input   required type=\"tel\" data-field=\"fld_7823120\" class=\" form-control\" id=\"fld_7823120_1\" name=\"fld_7823120\" value=\"\" data-type=\"phone_better\" aria-required=\"true\"   aria-labelledby=\"fld_7823120Label\" >\t\t\t<\/div>\r\n<\/div>\r\n<\/div><div  class=\"col-sm-6  last_col\"><div data-field-wrapper=\"fld_9351521\" class=\"form-group\" id=\"fld_9351521_1-wrap\">\r\n\t<label id=\"fld_9351521Label\" for=\"fld_9351521_1\" class=\"control-label\">Email <span aria-hidden=\"true\" role=\"presentation\" class=\"field_required\" style=\"color:#ee0000;\">*<\/span><\/label>\r\n\t<div class=\"\">\r\n\t\t<input   required type=\"email\" data-field=\"fld_9351521\" class=\" form-control\" id=\"fld_9351521_1\" name=\"fld_9351521\" value=\"\" data-type=\"email\" aria-required=\"true\"   aria-labelledby=\"fld_9351521Label\" >\t\t\t<\/div>\r\n<\/div>\r\n<div data-field-wrapper=\"fld_2240474\" class=\"form-group\" id=\"fld_2240474_1-wrap\">\r\n\t<label id=\"fld_2240474Label\" for=\"fld_2240474_1\" class=\"control-label\">URL de votre site web <span aria-hidden=\"true\" role=\"presentation\" class=\"field_required\" style=\"color:#ee0000;\">*<\/span><\/label>\r\n\t<div class=\"\">\r\n\t\t<input   required type=\"url\" data-field=\"fld_2240474\" class=\" form-control\" id=\"fld_2240474_1\" name=\"fld_2240474\" value=\"\" data-type=\"url\" aria-required=\"true\"   aria-labelledby=\"fld_2240474Label\" >\t\t\t<\/div>\r\n<\/div>\r\n<\/div><\/div><div id=\"CF634578932b57b_1-row-2\"  class=\"row  last_row\"><div  class=\"col-sm-12  single\"><div data-field-wrapper=\"fld_8554604\" class=\"form-group\" id=\"fld_8554604_1-wrap\">\r\n\t<label id=\"fld_8554604Label\" for=\"fld_8554604_1\" class=\"control-label\">Politique de confidentialit\u00e9<\/label>\r\n\t<div class=\"\">\r\n\t\t\t\t\t\t\t\t\t\t\t<div class=\"checkbox\">\n\t\t\t\t\n                <label                         for=\"fld_8554604_1_opt1814221\"\n                >\n                            <input\n                                                                type=\"checkbox\"\n                                data-label=\"En saisissant ces informations, j&#039;accepte qu&#039;elles soient exploit\u00e9es dans le cadre de ma demande d&#039;information et de la relation commerciale qui pourrait en d\u00e9couler &lt;a href=&quot;https:\/\/www.acs-traduction.com\/politique-de-confidentialite&quot; title=&quot;Politique de confidentialit\u00e9&quot;&gt;( en savoir plus ).&lt;\/a&gt;\"\n                                data-field=\"fld_8554604\"\n                                id=\"fld_8554604_1_opt1814221\"\n                                class=\"fld_8554604_1\"\n                                name=\"fld_8554604[opt1814221]\"\n                                value=\"En saisissant ces informations, j&#039;accepte qu&#039;elles soient exploit\u00e9es dans le cadre de ma demande d&#039;information et de la relation commerciale qui pourrait en d\u00e9couler &lt;a href=&quot;https:\/\/www.acs-traduction.com\/politique-de-confidentialite&quot; title=&quot;Politique de confidentialit\u00e9&quot;&gt;( en savoir plus ).&lt;\/a&gt;\"\n                                                                data-type=\"checkbox\"\n                                data-checkbox-field=\"fld_8554604_1\"\n                                                                data-calc-value=\"En saisissant ces informations, j&#039;accepte qu&#039;elles soient exploit\u00e9es dans le cadre de ma demande d&#039;information et de la relation commerciale qui pourrait en d\u00e9couler &lt;a href=&quot;https:\/\/www.acs-traduction.com\/politique-de-confidentialite&quot; title=&quot;Politique de confidentialit\u00e9&quot;&gt;( en savoir plus ).&lt;\/a&gt;\"\n                            >\n                    En saisissant ces informations, j'accepte qu'elles soient exploit\u00e9es dans le cadre de ma demande d'information et de la relation commerciale qui pourrait en d\u00e9couler <a href=\"https:\/\/www.acs-traduction.com\/politique-de-confidentialite\" title=\"Politique de confidentialit\u00e9\">( en savoir plus ).<\/a>                <\/label>\n\n                \t\t\t\t\t<\/div>\n\t\t\t\t\t\t\t\t\t\t\t<\/div>\r\n<\/div>\r\n<div data-field-wrapper=\"fld_5396136\" class=\"form-group right\" id=\"fld_5396136_1-wrap\">\r\n<div class=\"\">\r\n\t<input  class=\"cta-bouton \" type=\"submit\" name=\"fld_5396136\" id=\"fld_5396136_1\" value=\"Demande de token\" data-field=\"fld_5396136\"  >\n<\/div>\r\n<\/div>\r\n\t<input class=\"button_trigger_1\" type=\"hidden\" name=\"fld_5396136\" id=\"fld_5396136_1_btn\" value=\"\" data-field=\"fld_5396136\"  \/>\n<\/div><\/div><\/form>\r\n<\/div>\r\n\n<p>[\/et_pb_text][\/et_pb_column][\/et_pb_row][\/et_pb_section][et_pb_section fb_built=&#8221;1&#8243; module_class=&#8221;fond-bleu&#8221; _builder_version=&#8221;4.16&#8243; _module_preset=&#8221;default&#8221; global_colors_info=&#8221;{}&#8221;][et_pb_row _builder_version=&#8221;4.16&#8243; _module_preset=&#8221;default&#8221; global_colors_info=&#8221;{}&#8221;][et_pb_column type=&#8221;4_4&#8243; _builder_version=&#8221;4.16&#8243; _module_preset=&#8221;default&#8221; global_colors_info=&#8221;{}&#8221;][et_pb_text module_class=&#8221;center&#8221; _builder_version=&#8221;4.16&#8243; _module_preset=&#8221;default&#8221; text_font_size=&#8221;28px&#8221; global_colors_info=&#8221;{}&#8221;]<\/p>\n<p class=\"blanc bold line-height\">Our mission: Helping you to develop your company image abroad.<\/p>\n<p>[\/et_pb_text][et_pb_text module_class=&#8221;center&#8221; _builder_version=&#8221;4.16&#8243; _module_preset=&#8221;default&#8221; global_colors_info=&#8221;{}&#8221;]<\/p>\n<div class=\"flexbox\">\n<p class=\"col1-3\">\n<a href=\"https:\/\/www.acs-traduction.com\/en\/our-services\/\" title=\"Specialised Translation\"><img decoding=\"async\" src=\"\/img\/icon-traduction-accueil.png\" alt=\"translation icon\"\/><br \/> <span>Translation<\/span><\/a><\/p>\n<p class=\"col1-3\"><a href=\"\/?page_id=77\" title=\"Website translation\"><img decoding=\"async\" src=\"\/img\/icon-adaptation-accueil.png\" alt=\"web adaptation icon\"\/><br \/> <span>Web<\/span><\/a><\/p>\n<p class=\"col1-3\"><a href=\"https:\/\/www.acs-traduction.com\/en\/our-services\/event-congress-and-conference-interpreting\/\" title=\"Interpreting\"><img decoding=\"async\" src=\"\/img\/icon-interpretariat-accueil.png\" alt=\"Interpreting icon\"\/><br \/> <span>Interpreting<\/span><\/a><\/p>\n<\/div>\n<p>[\/et_pb_text][\/et_pb_column][\/et_pb_row][\/et_pb_section][et_pb_section fb_built=&#8221;1&#8243; module_class=&#8221;no-padding&#8221; _builder_version=&#8221;4.16&#8243; _module_preset=&#8221;default&#8221; global_colors_info=&#8221;{}&#8221;][et_pb_row module_class=&#8221;no-padding-bottom&#8221; _builder_version=&#8221;4.16&#8243; _module_preset=&#8221;default&#8221; global_colors_info=&#8221;{}&#8221;][et_pb_column type=&#8221;4_4&#8243; _builder_version=&#8221;4.16&#8243; _module_preset=&#8221;default&#8221; global_colors_info=&#8221;{}&#8221;][et_pb_text module_class=&#8221;liste-before-footer&#8221; _builder_version=&#8221;4.16&#8243; _module_preset=&#8221;default&#8221; global_colors_info=&#8221;{}&#8221;]<\/p>\n<ul>\n<li><img decoding=\"async\" src=\"\/img\/symbole-bas-de-page.png\" alt=\"Added background symbol logo\">Responsive &amp; Attentive<\/li>\n<li> <img decoding=\"async\" src=\"\/img\/symbole-bas-de-page.png\" alt=\"Added background symbol logo\">DTP Services <\/li>\n<li><img decoding=\"async\" src=\"\/img\/symbole-bas-de-page.png\" alt=\"Added background symbol logo\">The best translators in 20 different languages<\/li>\n<li><img decoding=\"async\" src=\"\/img\/symbole-bas-de-page.png\" alt=\"Added background symbol logo\"> Quality Standard NF EN-15038:2006 <\/li>\n<li><img decoding=\"async\" src=\"\/img\/symbole-bas-de-page.png\" alt=\"Added background symbol logo\">Confidentiality<\/li>\n<\/ul>\n<p>[\/et_pb_text][\/et_pb_column][\/et_pb_row][\/et_pb_section]<\/p>\n","protected":false},"excerpt":{"rendered":"<p>WordPress website translationswith WPMLAre you already a WPML user? Have you already downloaded the WPML plug-in to translate your WordPress websites? To get started collaborating with ACSTraduction from now on you can ask us for a security token to connect us to your website.WordPress website translations with ACSTraduction We translate various WordPress websites every month [&hellip;]<\/p>\n","protected":false},"author":8,"featured_media":0,"parent":9614,"menu_order":0,"comment_status":"closed","ping_status":"closed","template":"","meta":{"_et_pb_use_builder":"on","_et_pb_old_content":"","_et_gb_content_width":"","phrase_has_initial_content_push":false,"footnotes":""},"yst_prominent_words":[292,184,1720,107,839,769,117,793,61,34,116,181,768],"class_list":["post-13342","page","type-page","status-publish","hentry"],"_links":{"self":[{"href":"https:\/\/www.acs-traduction.com\/en\/wp-json\/wp\/v2\/pages\/13342","targetHints":{"allow":["GET"]}}],"collection":[{"href":"https:\/\/www.acs-traduction.com\/en\/wp-json\/wp\/v2\/pages"}],"about":[{"href":"https:\/\/www.acs-traduction.com\/en\/wp-json\/wp\/v2\/types\/page"}],"author":[{"embeddable":true,"href":"https:\/\/www.acs-traduction.com\/en\/wp-json\/wp\/v2\/users\/8"}],"replies":[{"embeddable":true,"href":"https:\/\/www.acs-traduction.com\/en\/wp-json\/wp\/v2\/comments?post=13342"}],"version-history":[{"count":1,"href":"https:\/\/www.acs-traduction.com\/en\/wp-json\/wp\/v2\/pages\/13342\/revisions"}],"predecessor-version":[{"id":13345,"href":"https:\/\/www.acs-traduction.com\/en\/wp-json\/wp\/v2\/pages\/13342\/revisions\/13345"}],"up":[{"embeddable":true,"href":"https:\/\/www.acs-traduction.com\/en\/wp-json\/wp\/v2\/pages\/9614"}],"wp:attachment":[{"href":"https:\/\/www.acs-traduction.com\/en\/wp-json\/wp\/v2\/media?parent=13342"}],"wp:term":[{"taxonomy":"yst_prominent_words","embeddable":true,"href":"https:\/\/www.acs-traduction.com\/en\/wp-json\/wp\/v2\/yst_prominent_words?post=13342"}],"curies":[{"name":"wp","href":"https:\/\/api.w.org\/{rel}","templated":true}]}}