{"id":9539,"date":"2019-05-07T12:09:38","date_gmt":"2019-05-07T10:09:38","guid":{"rendered":"https:\/\/www.acs-traduction.com\/web\/"},"modified":"2019-08-01T09:08:34","modified_gmt":"2019-08-01T07:08:34","slug":"web","status":"publish","type":"page","link":"https:\/\/www.acs-traduction.com\/de\/web\/","title":{"rendered":"WEB"},"content":{"rendered":"<p>[et_pb_section fb_built=&#8220;1&#8243; _builder_version=&#8220;3.19.3&#8243;][et_pb_row custom_padding=&#8220;0px|0px|0px|0px|true|false&#8220; custom_margin=&#8220;0px||0px||true&#8220; _builder_version=&#8220;3.19.3&#8243;][et_pb_column type=&#8220;4_4&#8243; _builder_version=&#8220;3.19.3&#8243;][et_pb_image src=&#8220;https:\/\/www.acs-traduction.com\/img\/logo-petale.png&#8220; show_bottom_space=&#8220;off&#8220; align=&#8220;center&#8220; _builder_version=&#8220;3.19.3&#8243; custom_margin=&#8220;||0px&#8220; custom_padding=&#8220;||0px|&#8220;][\/et_pb_image][\/et_pb_column][\/et_pb_row][et_pb_row custom_padding=&#8220;0|0px|0|0px|false|false&#8220; _builder_version=&#8220;3.19.3&#8243;][et_pb_column type=&#8220;4_4&#8243; _builder_version=&#8220;3.19.3&#8243;][et_pb_text _builder_version=&#8220;3.19.18&#8243; text_font=&#8220;||||||||&#8220; text_text_color=&#8220;#000000&#8243; header_font=&#8220;||||||||&#8220; header_2_font=&#8220;||||||||&#8220; text_orientation=&#8220;center&#8220;]<\/p>\n<h1 class=\"vert bold\"><span>Fach\u00fcbersetung <\/span><br \/>\nund Lokalisierung<\/h1>\n<p>[\/et_pb_text][\/et_pb_column][\/et_pb_row][et_pb_row _builder_version=&#8220;3.19.18&#8243;][et_pb_column type=&#8220;1_3&#8243; _builder_version=&#8220;3.19.18&#8243;][et_pb_text _builder_version=&#8220;3.19.18&#8243; text_font=&#8220;||||||||&#8220; text_orientation=&#8220;center&#8220;]<a href=\"https:\/\/www.acs-traduction.com\/de\/website-ubersetzung-und-web-app-lokalisierung\/\" title=\"traduction sites web et applications web\" class=\"logo-web\"><img decoding=\"async\" src=\"\/img\/icon-adaptation.png\" alt=\"logo sites et applications web\"><\/p>\n<h3>Websites und -Apps<\/h3>\n<p><\/a>[\/et_pb_text][\/et_pb_column][et_pb_column type=&#8220;1_3&#8243; _builder_version=&#8220;3.19.18&#8243;][et_pb_text _builder_version=&#8220;3.19.18&#8243; text_font=&#8220;||||||||&#8220; text_orientation=&#8220;center&#8220;]<a href=\"https:\/\/www.acs-traduction.com\/de\/wordpress-website-ubersetzung-mit-wpml\/\" title=\"traduction wordpress avec WPML\" class=\"logo-web\"><img decoding=\"async\" src=\"\/img\/icon-traduction-wordpress-wpml.png\" alt=\"logo WPML wordpress\"><\/p>\n<h3>WordPress WPML<\/h3>\n<p><\/a>[\/et_pb_text][\/et_pb_column][et_pb_column type=&#8220;1_3&#8243; _builder_version=&#8220;3.19.18&#8243;][et_pb_text _builder_version=&#8220;3.19.18&#8243; text_font=&#8220;||||||||&#8220; header_font=&#8220;||||||||&#8220; text_orientation=&#8220;center&#8220;] <a href=\"https:\/\/www.acs-traduction.com\/de\/mehrsprachige-seo-website-ubersetzung\/\" title=\"traduction r\u00e9f\u00e9rencement international\" class=\"logo-web\"><img decoding=\"async\" src=\"\/img\/icon-traduction-referencement.png\" alt=\"logo r\u00e9f\u00e9rencement international et SEO\"><\/p>\n<h3>Mehrsprachige SEO<\/h3>\n<p><\/a>[\/et_pb_text][\/et_pb_column][\/et_pb_row][\/et_pb_section][et_pb_section fb_built=&#8220;1&#8243; module_class=&#8220;format-accueil&#8220; _builder_version=&#8220;3.19.18&#8243; custom_padding=&#8220;0|0px|0|0px|false|false&#8220;][et_pb_row make_fullwidth=&#8220;on&#8220; use_custom_gutter=&#8220;on&#8220; gutter_width=&#8220;1&#8243; custom_padding=&#8220;0||0||false|false&#8220; make_equal=&#8220;on&#8220; bg_img_1=&#8220;https:\/\/www.acs-traduction.com\/img\/fond-2.png&#8220; background_size_1=&#8220;contain&#8220; background_position_1=&#8220;center_left&#8220; background_repeat_1=&#8220;no-repeat&#8220; padding_top_1=&#8220;30px&#8220; module_class_1=&#8220;fond-bleu_marine&#8220; module_class_2=&#8220;fond-web-principal&#8220; _builder_version=&#8220;3.19.18&#8243;][et_pb_column type=&#8220;1_2&#8243; _builder_version=&#8220;3.19.3&#8243;][et_pb_text _builder_version=&#8220;3.19.18&#8243; header_font=&#8220;||||||||&#8220; header_2_font=&#8220;||||||||&#8220; header_2_font_size=&#8220;30px&#8220; max_width=&#8220;90%&#8220; module_alignment=&#8220;center&#8220;]<\/p>\n<div class=\"blanc\">\n<h2 class=\"blanc margin-bottom1-2\">Sich genau Ihrem Fachgebiet anpassen<\/h2>\n<p class=\"margin-bottom\">Unsere Projektmanager arbeiten schnell, zuverl\u00e4ssig und kundenorientiert.<\/p>\n<h2 class=\"blanc margin-bottom1-2\">Das Beste der \u00dcbersetzungstechnologie nur f\u00fcr Sie<\/h2>\n<p class=\"margin-bottom\">Wir arbeiten mit den besten Tools, die auf dem Markt verf\u00fcgbar sind.<\/p>\n<\/div>\n<p>[\/et_pb_text][\/et_pb_column][et_pb_column type=&#8220;1_2&#8243; _builder_version=&#8220;3.19.3&#8243;][\/et_pb_column][\/et_pb_row][et_pb_row make_fullwidth=&#8220;on&#8220; use_custom_gutter=&#8220;on&#8220; gutter_width=&#8220;1&#8243; custom_padding=&#8220;0|0px|0|0px|false|false&#8220; make_equal=&#8220;on&#8220; module_class_1=&#8220;fond-daphne&#8220; module_class_2=&#8220;fond-gris&#8220; _builder_version=&#8220;3.19.18&#8243;][et_pb_column type=&#8220;1_2&#8243; _builder_version=&#8220;3.19.3&#8243;][et_pb_text _builder_version=&#8220;3.19.18&#8243; text_font=&#8220;|700|||||||&#8220; text_text_color=&#8220;#28366e&#8220; text_font_size=&#8220;20px&#8220; text_line_height=&#8220;1.4em&#8220; header_font=&#8220;||||||||&#8220; header_text_align=&#8220;left&#8220; module_alignment=&#8220;left&#8220; custom_margin=&#8220;||||false|false&#8220; custom_padding=&#8220;||||false|false&#8220;]<\/p>\n<div class=\"formats\">\n<p><i class=\"fas fa-check vert\"><\/i> Formate &#038; DTP- und Layout-Service<\/p>\n<p><i class=\"fas fa-check vert\"><\/i> Softwares &#038;<br \/> Mobile Apps<\/p>\n<p><i class=\"fas fa-check vert\"><\/i> Lokalisierung<\/p>\n<p><i class=\"fas fa-check vert\"><\/i> PDF-Dateien<br \/> &#038; Bilder<\/p>\n<p>\u00a0<\/p>\n<\/div>\n<p>[\/et_pb_text][\/et_pb_column][et_pb_column type=&#8220;1_2&#8243; _builder_version=&#8220;3.19.3&#8243;][et_pb_text _builder_version=&#8220;3.19.18&#8243; text_font=&#8220;||||||||&#8220; header_font=&#8220;||||||||&#8220; header_2_font=&#8220;||||||||&#8220; header_2_text_color=&#8220;#28366e&#8220; header_2_font_size=&#8220;30px&#8220; text_orientation=&#8220;center&#8220; max_width=&#8220;90%&#8220; max_width_tablet=&#8220;90%&#8220; max_width_phone=&#8220;90%&#8220; max_width_last_edited=&#8220;on|phone&#8220; module_alignment=&#8220;center&#8220; custom_margin=&#8220;||&#8220; custom_margin_last_edited=&#8220;on|desktop&#8220; custom_padding=&#8220;||20px|&#8220;]<\/p>\n<h2 class=\"semibold\">Gewinnen Sie Zeit: Ihre \u00dcbersetzung direkt in Ihrem Wunschformat<\/h2>\n<p class=\"last-accueil\">Wir sparen Ihnen Zeit und Aufwand indem wir Ihnen ein fertiges Dokument liefern.Wir \u00fcbersetzen direkt in Ihren Quelldokumenten\/-programmen und unser Grafikdesign- und DTP-Service (Desktop-Publishing) gibt Ihrem Layout den letzten Schliff.<\/p>\n<p>[\/et_pb_text][et_pb_text module_class=&#8220;block-flex&#8220; _builder_version=&#8220;3.19.3&#8243; text_font=&#8220;||||||||&#8220; header_font=&#8220;||||||||&#8220; header_3_font=&#8220;||||||||&#8220; header_3_text_color=&#8220;#28366e&#8220; max_width=&#8220;80%&#8220; module_alignment=&#8220;center&#8220; custom_margin=&#8220;||20px&#8220; custom_padding=&#8220;|||25px||false&#8220; custom_padding_last_edited=&#8220;on|phone&#8220;]<\/p>\n<div class=\"col1-2 col1-2bis\">\n<h3 class=\"bold\"><i class=\"far fa-file-alt vert\"><\/i>FORMATE &#038; DTP- UND LAYOUT-SERVICE<\/h3>\n<p>Microsoft Office Dateien, Suite Adobe (Indesign, Photoshop), Web (HTML, XML, Java Resource).<\/p>\n<\/div>\n<div class=\"col1-2 col1-2bis\">\n<h3 class=\"bold\"><i class=\"fas fa-globe vert\"><\/i>LOKALISIERUNG<\/h3>\n<p>Mit dem Back-Office Ihrer Website kompatibles Format &#8211; WordPress, Joomla, Woocommerce, Prestashop oder HTML.<\/p>\n<\/div>\n<p>[\/et_pb_text][et_pb_text module_class=&#8220;block-flex&#8220; _builder_version=&#8220;3.19.18&#8243; header_font=&#8220;||||||||&#8220; header_3_font=&#8220;||||||||&#8220; header_3_text_color=&#8220;#28366e&#8220; max_width=&#8220;80%&#8220; module_alignment=&#8220;center&#8220; custom_margin=&#8220;||20px&#8220; custom_padding=&#8220;|||25px||false&#8220; custom_padding_last_edited=&#8220;off|desktop&#8220;]<\/p>\n<div class=\"col1-2 col1-2bis\">\n<h3 class=\" maj bold\"><i class=\"fas fa-mobile-alt vert\"><\/i>Softwares &#038; Mobile Apps<\/h3>\n<p>String, .po, .pot, .xlif, .yml, .srt, .json, .html, Yaml, .ocr, srt, usw.<\/p>\n<\/div>\n<div class=\"col1-2 col1-2bis\">\n<h3 class=\"bold maj\"><i class=\"far fa-file-pdf vert\"><\/i>PDF-DATEIEN &#038; BILDER<\/h3>\n<p>Extraktion von Textinhalten aus Bildern oder PDF-Dateien und \u00dcbersetzung in Ihrem Wunschformat.<\/p>\n<\/div>\n<p>[\/et_pb_text][\/et_pb_column][\/et_pb_row][\/et_pb_section][et_pb_section fb_built=&#8220;1&#8243; module_class=&#8220;fond-bleu&#8220; _builder_version=&#8220;3.19.18&#8243;][et_pb_row _builder_version=&#8220;3.19.18&#8243;][et_pb_column type=&#8220;4_4&#8243; _builder_version=&#8220;3.19.18&#8243;][et_pb_text _builder_version=&#8220;3.19.18&#8243; text_font=&#8220;||||||||&#8220; text_orientation=&#8220;center&#8220;]<\/p>\n<h2 class=\"blanc bold\">Sie haben ein \u00dcbersetzungsprojekt?<br \/> Kontaktieren Sie uns!<\/h2>\n<p>[\/et_pb_text][et_pb_button button_url=&#8220;https:\/\/www.acs-traduction.com\/de\/angebotsanfrage\/&#8220; button_text=&#8220;ANGEBOT ANFRAGEN&#8220; button_alignment=&#8220;center&#8220; _builder_version=&#8220;3.19.18&#8243; custom_button=&#8220;on&#8220; button_text_size=&#8220;15px&#8220; button_text_color=&#8220;#ffffff&#8220; button_bg_color=&#8220;#19a35e&#8220; button_border_color=&#8220;#19a35e&#8220; button_border_radius=&#8220;25px&#8220; button_font=&#8220;||||||||&#8220; custom_margin=&#8220;|||&#8220; custom_margin_phone=&#8220;|||||false&#8220; custom_margin_last_edited=&#8220;on|phone&#8220; custom_padding=&#8220;|||||false&#8220; custom_padding_last_edited=&#8220;off|desktop&#8220; custom_css_main_element=&#8220;clear:both;&#8220; button_text_color__hover_enabled=&#8220;on&#8220; button_text_color__hover=&#8220;#ffffff&#8220; button_bg_color__hover_enabled=&#8220;on&#8220; button_bg_color__hover=&#8220;#28366e&#8220; button_border_color__hover_enabled=&#8220;on&#8220; button_border_color__hover=&#8220;#ffffff&#8220; custom_padding__hover=&#8220;|||||false&#8220;][\/et_pb_button][et_pb_text _builder_version=&#8220;3.19.18&#8243; text_font=&#8220;||||||||&#8220; text_orientation=&#8220;center&#8220;]<\/p>\n<p class=\"blanc\"><i class=\"fas fa-history\"><\/i> Wir antworten Ihnen innerhalb von 60\u00a0Minuten.<\/p>\n<p>[\/et_pb_text][\/et_pb_column][\/et_pb_row][\/et_pb_section][et_pb_section fb_built=&#8220;1&#8243; _builder_version=&#8220;3.19.3&#8243; background_size=&#8220;contain&#8220; background_position=&#8220;center_right&#8220; custom_padding=&#8220;28px|0px|0|0px|false|false&#8220;][et_pb_row custom_padding=&#8220;28px|0px|0|0px|false|false&#8220; _builder_version=&#8220;3.19.3&#8243;][et_pb_column type=&#8220;4_4&#8243; _builder_version=&#8220;3.19.3&#8243;][et_pb_text _builder_version=&#8220;3.19.3&#8243; text_font=&#8220;||||||||&#8220; header_font=&#8220;||||||||&#8220; header_2_font=&#8220;||||||||&#8220; text_orientation=&#8220;center&#8220;]<\/p>\n<h2 class=\"bleu semibold\">Unser Workflow<\/h2>\n<p>Qualit\u00e4t entsteht f\u00fcr uns durch das genaue Verst\u00e4ndnis Ihres Fachgebiets und die Umsetzung eines gut durchdachten Workflows.<br \/>\nDeswegen hat unser professionelles \u00dcbersetzungsb\u00fcro die europ\u00e4ische Qualit\u00e4tsnorm ISO 17100:2015 eingef\u00fchrt, die einen Qualit\u00e4tsstandard f\u00fcr \u00dcbersetzungsleistungen festlegt.<\/p>\n<p>[\/et_pb_text][\/et_pb_column][\/et_pb_row][et_pb_row use_custom_width=&#8220;on&#8220; custom_width_px=&#8220;1000px&#8220; module_class=&#8220;methode-accueil-content-bleu&#8220; _builder_version=&#8220;3.19.3&#8243;][et_pb_column type=&#8220;1_4&#8243; _builder_version=&#8220;3.19.3&#8243;][et_pb_image src=&#8220;https:\/\/www.acs-traduction.com\/wp-content\/uploads\/2019\/02\/logo-contact-methode.png&#8220; align=&#8220;center&#8220; _builder_version=&#8220;3.19.3&#8243;][\/et_pb_image][et_pb_text _builder_version=&#8220;3.19.3&#8243; text_font=&#8220;||||||||&#8220; header_font=&#8220;||||||||&#8220; header_2_font=&#8220;||||||||&#8220; header_3_font=&#8220;||||||||&#8220; text_orientation=&#8220;center&#8220;]<\/p>\n<h3 class=\"maj vert\">Kontakt<\/h3>\n<p>Wir sind stets f\u00fcr Sie erreichbar und gehen auf Ihre W\u00fcnsche ein. <\/p>\n<p>[\/et_pb_text][\/et_pb_column][et_pb_column type=&#8220;1_4&#8243; _builder_version=&#8220;3.19.3&#8243;][et_pb_image src=&#8220;https:\/\/www.acs-traduction.com\/wp-content\/uploads\/2019\/02\/logo-traduction-methode.png&#8220; align=&#8220;center&#8220; _builder_version=&#8220;3.19.3&#8243;][\/et_pb_image][et_pb_text _builder_version=&#8220;3.19.3&#8243; text_font=&#8220;||||||||&#8220; header_font=&#8220;||||||||&#8220; header_3_font=&#8220;||||||||&#8220; text_orientation=&#8220;center&#8220;]<\/p>\n<h3 class=\"maj vert\">\u00dcbersetzung<\/h3>\n<p>Die besten \u00dcbersetzer in \u00fcber 20 Sprachen. <\/p>\n<p>[\/et_pb_text][\/et_pb_column][et_pb_column type=&#8220;1_4&#8243; _builder_version=&#8220;3.19.3&#8243;][et_pb_image src=&#8220;https:\/\/www.acs-traduction.com\/wp-content\/uploads\/2019\/02\/logo-relecture-methode.png&#8220; align=&#8220;center&#8220; _builder_version=&#8220;3.19.3&#8243;][\/et_pb_image][et_pb_text _builder_version=&#8220;3.19.3&#8243; text_font=&#8220;||||||||&#8220; header_font=&#8220;||||||||&#8220; text_orientation=&#8220;center&#8220;]<\/p>\n<h3 class=\"maj vert\">Korrekturlesen<\/h3>\n<p>Verfolgen Sie Ihr Projekt in Echtzeit in Ihrem pers\u00f6nlichen Bereich. <\/p>\n<p>[\/et_pb_text][\/et_pb_column][et_pb_column type=&#8220;1_4&#8243; _builder_version=&#8220;3.19.3&#8243;][et_pb_image src=&#8220;https:\/\/www.acs-traduction.com\/wp-content\/uploads\/2019\/02\/logo-livraison-methode.png&#8220; align=&#8220;center&#8220; _builder_version=&#8220;3.19.3&#8243;][\/et_pb_image][et_pb_text _builder_version=&#8220;3.19.3&#8243; text_font=&#8220;||||||||&#8220; header_font=&#8220;||||||||&#8220; header_3_font=&#8220;||||||||&#8220; text_orientation=&#8220;center&#8220;]<\/p>\n<h3 class=\"maj vert\">Lieferung<\/h3>\n<p>Sie erhalten Ihre \u00dcbersetzung direkt als E-Mail und verlieren so keine Zeit!<\/p>\n<p>[\/et_pb_text][\/et_pb_column][\/et_pb_row][\/et_pb_section][et_pb_section fb_built=&#8220;1&#8243; module_class=&#8220;fond-bleu&#8220; _builder_version=&#8220;3.19.18&#8243; custom_padding=&#8220;29px|0px|29px|0px|false|false&#8220;][et_pb_row custom_padding=&#8220;28px|0px|0|0px|false|false&#8220; _builder_version=&#8220;3.19.18&#8243;][et_pb_column type=&#8220;4_4&#8243; _builder_version=&#8220;3.19.18&#8243;][et_pb_text module_class=&#8220;line-height&#8220; _builder_version=&#8220;3.19.18&#8243; text_font=&#8220;||||||||&#8220; text_font_size=&#8220;28px&#8220; header_font=&#8220;||||||||&#8220; text_orientation=&#8220;center&#8220;]<\/p>\n<p class=\"blanc bold line-height\">Wir helfen Ihnen Ihre Pr\u00e4senz international aufzubauen und zu verst\u00e4rken.<\/p>\n<p>[\/et_pb_text][et_pb_text _builder_version=&#8220;3.19.18&#8243; custom_padding=&#8220;|20px||20px||true&#8220;]<\/p>\n<div>\n<p class=\"block-accueil\">\n<a href=\"https:\/\/www.acs-traduction.com\/de\/wir-ubersetzen\/\" title=\"Traduction sp\u00e9cialis\u00e9\"><img decoding=\"async\" src=\"\/img\/icon-traduction-accueil.png\" alt=\"icone repr\u00e9sentant la traduction\" \/><br \/> <span>Traduction<\/span><\/a><\/p>\n<p class=\"block-accueil\"><a href=\"https:\/\/www.acs-traduction.com\/de\/web\/\" title=\"Traduction web\"><img decoding=\"async\" src=\"\/img\/icon-adaptation-accueil.png\" alt=\"icone repr\u00e9sentant l'adaptation web\" \/><br \/> <span>Web<\/span><\/a><\/p>\n<p class=\"block-accueil\"><a href=\"https:\/\/www.acs-traduction.com\/de\/dolmetschen-bei-events-tagungen-oder-konferenzen\/\" title=\"Interpr\u00e9tariat\"><img decoding=\"async\" src=\"\/img\/icon-interpretariat-accueil.png\" alt=\"icone repr\u00e9sentant l'interpr\u00e9tariat\" \/><br \/> <span>Interpr\u00e9tariat<\/span><\/a><\/p>\n<\/div>\n<p>[\/et_pb_text][\/et_pb_column][\/et_pb_row][\/et_pb_section][et_pb_section fb_built=&#8220;1&#8243; _builder_version=&#8220;3.19.3&#8243; custom_padding=&#8220;0|0px|0|0px|false|false&#8220;][et_pb_row custom_padding=&#8220;24px|0px|0|0px|false|false&#8220; _builder_version=&#8220;3.19.3&#8243;][et_pb_column type=&#8220;4_4&#8243; _builder_version=&#8220;3.19.3&#8243;][et_pb_text ul_type=&#8220;none&#8220; module_class=&#8220;liste-fin-accueil&#8220; _builder_version=&#8220;3.19.3&#8243; text_font=&#8220;||||||||&#8220; text_text_color=&#8220;#28366e&#8220; ul_font=&#8220;||||||||&#8220;]<\/p>\n<ul>\n<li><img decoding=\"async\" src=\"\/img\/symbole-bas-de-page.png\" alt=\"symbole d'ajout sur fond d'une partie du logo\">Dynamisch und zuverl\u00e4ssig<\/li>\n<li> <img decoding=\"async\" src=\"\/img\/symbole-bas-de-page.png\" alt=\"symbole d'ajout sur fond d'une partie du logo\"> DTP-Leistung <\/li>\n<li><img decoding=\"async\" src=\"\/img\/symbole-bas-de-page.png\" alt=\"symbole d'ajout sur fond d'une partie du logo\"> Die besten \u00dcbersetzer in 20 Sprachen<\/li>\n<li><img decoding=\"async\" src=\"\/img\/symbole-bas-de-page.png\" alt=\"symbole d'ajout sur fond d'une partie du logo\"> Qualit\u00e4tsnorm ISO 17100:2015 <\/li>\n<li><img decoding=\"async\" src=\"\/img\/symbole-bas-de-page.png\" alt=\"symbole d'ajout sur fond d'une partie du logo\"> Vertraulichkeit<\/li>\n<\/ul>\n<p>[\/et_pb_text][\/et_pb_column][\/et_pb_row][\/et_pb_section]<\/p>\n","protected":false},"excerpt":{"rendered":"<p>Fach\u00fcbersetung und LokalisierungWebsites und -AppsWordpress WPML Mehrsprachige SEO Sich genau Ihrem Fachgebiet anpassen Unsere Projektmanager arbeiten schnell, zuverl\u00e4ssig und kundenorientiert. Das Beste der \u00dcbersetzungstechnologie nur f\u00fcr Sie Wir arbeiten mit den besten Tools, die auf dem Markt verf\u00fcgbar sind. Formate &#038; DTP- und Layout-Service Softwares &#038; Mobile Apps Lokalisierung PDF-Dateien &#038; Bilder \u00a0 Gewinnen Sie [&hellip;]<\/p>\n","protected":false},"author":2,"featured_media":0,"parent":0,"menu_order":0,"comment_status":"closed","ping_status":"closed","template":"","meta":{"_et_pb_use_builder":"on","_et_pb_old_content":"[fullwidth class=\"lddw-h1\"]<h1>Traduction Web<\/h1>[\/fullwidth]\r\n[fullwidth]\r\n<h2>Nos services de traduction Web<\/h2>[columns equal_height=\"no\"]\r\n[column fraction=\"50\"]<ul>\r\n<li><strong>R\u00e9pondre parfaitement \u00e0 vos besoins<\/strong> : cela passe par la r\u00e9activit\u00e9 et l\u2019\u00e9coute que porte notre charg\u00e9 de projets \u00e0 votre demande.<\/li>\r\n<li><strong>Vous proposer la meilleure technologie de traduction <\/strong> : nous disposons des meilleurs outils pour vous faciliter la vie.<\/li>\r\n<\/ul>[\/column]\r\n[column fraction=\"50\"]<ul>\r\n<li><strong>Vous tenir inform\u00e9 en temps r\u00e9el<\/strong> : vous suivez l\u2019avanc\u00e9e de votre projet de traduction au sein de votre espace personnel s\u00e9curis\u00e9 sur notre plateforme d\u00e9di\u00e9e.<\/li>\r\n<li><strong>Vous livrer des documents pr\u00eats \u00e0 l\u2019emploi<\/strong> : nous traduisons directement dans vos documents\/logiciels source et finalisons votre mise en page gr\u00e2ce \u00e0 notre service de graphisme et de PAO (Publication assist\u00e9e par ordinateur), pour vous livrer des documents cl\u00e9s en main.<\/li>\r\n<\/ul>[\/column]\r\n[\/columns]\r\n[\/fullwidth]\r\n[fullwidth class=\"lddw-h1\"]<h1>Votre besoin<\/h1>[\/fullwidth]\r\n[fullwidth]\r\n[columns equal_height=\"no\" class=\"lddw-icons\"]\r\n[column fraction=\"25\" text_align=\"center\"]<h2><a href=\"\/?page_id=141\"><img src=\"\/img\/icon-documents-techniques.png\" alt=\"\" \/>TRADUCTION DE DOCUMENTS TECHNIQUES<\/a><\/h2>[\/column]\r\n[column fraction=\"25\" text_align=\"center\"]<h2><a href=\"\/?page_id=160\"><img src=\"\/img\/icon-documents-juridiques.png\" alt=\"\" \/>TRADUCTION DE DOCUMENTS JURIDIQUES<\/a><\/h2>[\/column]\r\n[column fraction=\"25\" text_align=\"center\"]<h2><a href=\"\/?page_id=164\"><img src=\"\/img\/icon-documents-financiers.png\" alt=\"\" \/>TRADUCTION DE DOCUMENTS FINANCIERS<\/a><\/h2>[\/column]\r\n[column fraction=\"25\" text_align=\"center\"]<h2><a href=\"\/?page_id=170\"><img src=\"\/img\/icon-web-app.png\" alt=\"\" \/>TRADUCTION DE SITES WEB ET APPLICATIONS WEB<\/a><\/h2>[\/column]\r\n[\/columns]\r\n[columns equal_height=\"no\" class=\"lddw-icons\"]\r\n[column fraction=\"25\" text_align=\"center\"]<h2><a href=\"\/?page_id=173\"><img src=\"\/img\/icon-documents-marketing.png\" alt=\"\" \/>TRADUCTION DE DOCUMENTS MARKETING, COMMERCIAUX OU COMMUNICATION<\/a><\/h2>[\/column]\r\n[column fraction=\"25\" text_align=\"center\"]<h2><a href=\"\/?page_id=185\"><img src=\"\/img\/icon-documents-cosmetiques.png\" alt=\"\" \/>TRADUCTION DE DOCUMENTS UNIVERS ME?DICAL \/ COSME?TIQUE<\/a><\/h2>[\/column]\r\n[column fraction=\"25\" text_align=\"center\"]<h2><a href=\"\/?page_id=189\"><img src=\"\/img\/icon-documents-interpretariat.png\" alt=\"\" \/>INTERPRE?TARIAT E?VE?NEMENTS CONGRE?S<\/a><\/h2>[\/column]\r\n[column fraction=\"25\" text_align=\"center\"]<h2><a href=\"\/traduction-specialisee\/traduction-officielle\/\"><img src=\"\/img\/icon-documents-officiels.png\" alt=\"\" \/>TRADUCTION DE DOCUMENTS OFFICIELS<\/a><\/h2>[\/column]\r\n[\/columns]\r\n[\/fullwidth]\r\n[fullwidth class=\"lddw-encadre\"]\r\n<h2>Langues de traduction sp\u00e9cialis\u00e9e<\/h2>\r\n[p]Fran\u00e7ais, Anglais britannique, Anglais am\u00e9ricain, Allemand, Espagnol, Italien, N\u00e9erlandais, Portugais, Grec, Turc, Chinois simplifi\u00e9 et traditionnel, Japonais, Russe, Ukrainien, Roumain, Polonais, Arabe, Su\u00e9dois, Finnois, Norv\u00e9gien...<br \/>Notre r\u00e9seau de traducteurs s\u2019\u00e9tend dans le monde entier : pour toute autre langue, <a href=\"\/?page_id=12\">contactez-nous<\/a>.[\/p]\r\n<h2>Nous vous r\u00e9pondons sous 60 min<\/h2>\r\n[button text_button=\"DEMANDE DE DEVIS\" type=\"medium\" align=\"center\" color=\"#19a35e\" background_color=\"#ffffff\" background_hover_color=\"#28366e\" hover_color=\"#FFFFFF\" margin_top=\"2em\" link=\"\/contact\"][\/fullwidth]","_et_gb_content_width":"","phrase_has_initial_content_push":false,"footnotes":""},"yst_prominent_words":[57,257,252,8,915,766],"class_list":["post-9539","page","type-page","status-publish","hentry"],"_links":{"self":[{"href":"https:\/\/www.acs-traduction.com\/de\/wp-json\/wp\/v2\/pages\/9539","targetHints":{"allow":["GET"]}}],"collection":[{"href":"https:\/\/www.acs-traduction.com\/de\/wp-json\/wp\/v2\/pages"}],"about":[{"href":"https:\/\/www.acs-traduction.com\/de\/wp-json\/wp\/v2\/types\/page"}],"author":[{"embeddable":true,"href":"https:\/\/www.acs-traduction.com\/de\/wp-json\/wp\/v2\/users\/2"}],"replies":[{"embeddable":true,"href":"https:\/\/www.acs-traduction.com\/de\/wp-json\/wp\/v2\/comments?post=9539"}],"version-history":[{"count":3,"href":"https:\/\/www.acs-traduction.com\/de\/wp-json\/wp\/v2\/pages\/9539\/revisions"}],"predecessor-version":[{"id":11502,"href":"https:\/\/www.acs-traduction.com\/de\/wp-json\/wp\/v2\/pages\/9539\/revisions\/11502"}],"wp:attachment":[{"href":"https:\/\/www.acs-traduction.com\/de\/wp-json\/wp\/v2\/media?parent=9539"}],"wp:term":[{"taxonomy":"yst_prominent_words","embeddable":true,"href":"https:\/\/www.acs-traduction.com\/de\/wp-json\/wp\/v2\/yst_prominent_words?post=9539"}],"curies":[{"name":"wp","href":"https:\/\/api.w.org\/{rel}","templated":true}]}}