{"id":9118,"date":"2019-04-18T15:00:55","date_gmt":"2019-04-18T13:00:55","guid":{"rendered":"https:\/\/www.acs-traduction.com\/datenschutzerklarung\/"},"modified":"2019-04-19T11:11:05","modified_gmt":"2019-04-19T09:11:05","slug":"datenschutzerklarung","status":"publish","type":"page","link":"https:\/\/www.acs-traduction.com\/de\/datenschutzerklarung\/","title":{"rendered":"Datenschutzerkl\u00e4rung"},"content":{"rendered":"<p>[et_pb_section bb_built=&#8220;1&#8243; _builder_version=&#8220;3.19.3&#8243;][et_pb_row _builder_version=&#8220;3.19.3&#8243;][et_pb_column type=&#8220;4_4&#8243;][et_pb_text _builder_version=&#8220;3.19.3&#8243;]<\/p>\n<p><strong>Conditions g\u00e9n\u00e9rales de services relatives aux donn\u00e9es personnelles et \u00e0 la confidentialit\u00e9 <\/strong><\/p>\n<p>Datenschutz und die Einhaltung der Vetraulichkeit ??? Sind schon immer eine Priorit\u00e4t f\u00fcr ACSTraduction.<\/p>\n<p>La politique de confidentialit\u00e9 a pour objectif de vous pr\u00e9senter la fa\u00e7on dont ACSTraduction utilise, g\u00e8re et prot\u00e8ge les informations personnelles que vous avez pu transmettre \u00e0 l\u2019entreprise dans le cadre de l\u2019utilisation de son site Internet : <a href=\"https:\/\/www.acs-traduction.com\">https:\/\/www.acs-traduction.com<\/a>.<\/p>\n<p>Nous nous engageons \u00e0 prot\u00e9ger votre vie priv\u00e9e et \u00e0 prendre toutes les pr\u00e9cautions avec vos informations personnelles, ne les utilisant que conform\u00e9ment \u00e0 la loi sur la protection des donn\u00e9es de 1998 et aux communications \u00e9lectroniques (2000\/58 \/ EC) et R\u00e8glement G\u00e9n\u00e9ral sur la Protection des Donn\u00e9es (GDPR).<\/p>\n<p>L\u2019utilisation de nos services, tel que d\u00e9crits implique que vous avez lu et accept\u00e9 la politique de confidentialit\u00e9 de ACSTraduction.<\/p>\n<p><strong>Sammlung personenbezogener Daten<\/strong><\/p>\n<p>Il est tout \u00e0 fait possible de naviguer sur le site Internet https:\/\/www.acs-traduction.com sans divulguer vos informations personnelles \u00e0 l\u2019\u00e9diteur du site Internet, avec les limites que cela impose en mati\u00e8re d\u2019acc\u00e8s \u00e0 une partie des informations et des services propos\u00e9s.<\/p>\n<p>downloaden Sie erkl\u00e4ren sich also mit einverstanden<\/p>\n<p>L\u2019\u00e9diteur collecte \u00e9galement des donn\u00e9es \u00e0 caract\u00e8re personnel via le d\u00e9ploiement de fichiers de connexion, dans le respect de la l\u00e9gislation en vigueur concernant l\u2019utilisation des cookies.<\/p>\n<p><strong>Cookies <\/strong><\/p>\n<p>Wir verwenden Cookies, d.h. kleine Text-Dateien, um Informationen \u00fcber die Leistung unserer Website zu sammeln. Les informations personnelles ne sont pas collect\u00e9es ; les donn\u00e9es nous permettent simplement de surveiller le fonctionnement de notre site Web et les informations pour am\u00e9liorer l\u2019exp\u00e9rience utilisateur.<\/p>\n<p>Sie k\u00f6nnen die Cookies blockieren, wenn Sie nicht damit einverstanden sind, dass wir sie so benutzen. Si vous ne d\u00e9sactivez pas les cookies, vous consentez \u00e0 leur utilisation sur ce site Web. Veuillez noter que si vous d\u00e9sactivez les cookies, les performances du site peuvent \u00eatre affect\u00e9es et vous ne pourrez peut-\u00eatre pas b\u00e9n\u00e9ficier de l\u2019ensemble des services que nous offrons.<\/p>\n<p>\u00a0<\/p>\n<p><strong>Verarbeitung personenbezogener Daten<\/strong><\/p>\n<p>ACSTraduction applique une politique tr\u00e8s rigoureuse de traitement des donn\u00e9es personnelles consistant \u00e0 ne jamais les c\u00e9der, les pr\u00eater, les louer ou les revendre \u00e0 des organisations tierces.<\/p>\n<p>Le traitement de vos donn\u00e9es \u00e0 caract\u00e8re personnel collect\u00e9es sur le site Internet https:\/\/www.acs-traduction.com sont directement r\u00e9alis\u00e9s par les membres de notre \u00e9quipe habilit\u00e9s \u00e0 cet effet.<\/p>\n<p>Toutes les donn\u00e9es que nous conservons sont stock\u00e9es dans des syst\u00e8mes s\u00e9curis\u00e9s ou chez des partenaires qui sont en conformit\u00e9 avec le RGPD.<\/p>\n<p><strong>Les prestataires habilit\u00e9s<\/strong><\/p>\n<p>ACSTraduction utilise les services de prestataires habilit\u00e9s pour faciliter le recueil et le traitement des donn\u00e9es personnelles que vous utilisez sur le site Internet acs-traduction.com<br \/>Ayant acc\u00e8s aux donn\u00e9es recueillies par le biais des formulaires pr\u00e9sents sur ledit site, les prestataires ont un engagement tr\u00e8s strict en mati\u00e8re de respect des conditions de confidentialit\u00e9, d\u2019usage et de protection de vos donn\u00e9es personnelles.<\/p>\n<p>Nous faisons appel \u00e0 deux prestataires dans le cadre du traitement de vos donn\u00e9es (stockage, segmentation puis communication).<\/p>\n<p>Hubspot pour notre solution de CRM (bas\u00e9 en Irelande, One Dockland Central, Guild Street, Dublin 1)<\/p>\n<p>AeCDev pour notre solution de LPS (Bas\u00e9 en France, 84, Avenue de la R\u00e9publique<br \/>F-75011 PARIS) \u00a0<\/p>\n<p>Vous acceptez donc le principe du traitement de vos informations personnelles aux fins d\u00e9crites dans les formulaires de contact ainsi que dans le paragraphe ci-dessous.<\/p>\n<p><strong>Les finalit\u00e9s des traitements de donn\u00e9es<\/strong><\/p>\n<ul>\n<li>\u2013 Les donn\u00e9es collect\u00e9es via les formulaires de saisie d\u2019informations sur le site Internet (prise de contact, demande de devis, recrutement) sont utilis\u00e9es pour envoyer des devis, cr\u00e9er ou d\u00e9velopper une relation commerciale, recruter des partenaires, des stagiaires et\/ou des salari\u00e9s.<\/li>\n<li>\u2013 Les donn\u00e9es collect\u00e9es via le formulaire de t\u00e9l\u00e9chargement du livret blanc sont utilis\u00e9es pour envoyer le livret blanc et pour cr\u00e9er ou d\u00e9velopper une relation commerciale.<\/li>\n<li>\u2013 Les donn\u00e9es collect\u00e9es lors de la lecture de vid\u00e9os post\u00e9es sur des plateformes sp\u00e9cialis\u00e9es sont n\u00e9cessaires pour pouvoir acc\u00e9der \u00e0 ces sites tiers et en ex\u00e9cuter les demandes.<\/li>\n<li>\u2013 Les donn\u00e9es collect\u00e9es lors de l\u2019utilisation des boutons d\u2019acc\u00e8s aux r\u00e9seaux sociaux sont n\u00e9cessaires pour pouvoir ex\u00e9cuter les demandes de ces sites tiers.\u00a0<\/li>\n<\/ul>\n<p>\u00a0<\/p>\n<p><strong>Le recueil du consentement<\/strong><\/p>\n<p>Pour tous les types de collectes de donn\u00e9es personnelles via son site Internet, ACSTraduction utilise des dispositifs permettant de recevoir votre consentement de mani\u00e8re explicite\u00a0:<\/p>\n<ul>\n<li>\u2013 acceptation de la collecte de donn\u00e9es lors du remplissage des formulaires de contact,<\/li>\n<li>\u2013 acceptation des cookies via le bandeau d\u2019avertissement.<\/li>\n<\/ul>\n<p>Les recueils de consentement \u00e0 la collecte des donn\u00e9es personnelles sont sauvegard\u00e9s afin de pouvoir les mettre \u00e0 disposition de la CNIL et de tout autre organisme de contr\u00f4le sur simple demande.<\/p>\n<p>\u00a0<\/p>\n<p><strong>Dauer der Datenspeicherung<\/strong><\/p>\n<p>Die Dauer der Datenspeicherung ist je nach benutter Technologie unterschiedlich:<\/p>\n<ul>\n<li>Pour toutes vos donn\u00e9es collect\u00e9es par formulaire d\u2019abonnement \u00e0 une newsletter, la dur\u00e9e de conservation ne saurait exc\u00e9der 36 mois.<\/li>\n<li>Toutes vos donn\u00e9es collect\u00e9es dans un autre cadre de demande sont conserv\u00e9es le temps n\u00e9cessaire de l\u2019accomplissement de l\u2019objectif qui \u00e9tait poursuivi lors de leur r\u00e9colte et au maximum 12 mois au-del\u00e0.<\/li>\n<\/ul>\n<p><strong>\u00dcbertragung personenbezogener Daten<\/strong><\/p>\n<p>ACSTraduction ne commercialise pas les donn\u00e9es personnelles du prospect ou du client, qui ne sont utilis\u00e9es que pour la bonne ex\u00e9cution de la commande<\/p>\n<p>Les donn\u00e9es personnelles sont trait\u00e9es par ACSTraduction, les membres de son personnel, et ses sous-traitants dans le respect des finalit\u00e9s sus-d\u00e9crites. A ce titre, ces donn\u00e9es peuvent faire l\u2019objet d\u2019un traitement automatis\u00e9 ou partiellement automatis\u00e9. Ces donn\u00e9es pourront \u00eatre en tout ou en partie transf\u00e9r\u00e9es hors de l\u2019Union europ\u00e9enne, ce transfert pouvant dans certains cas \u00eatre n\u00e9cessaire \u00e0 la r\u00e9alisation de nos services. Le client consent \u00e0 ce que ses coordonn\u00e9es de contact (notamment l\u2019adresse e-mail et t\u00e9l\u00e9phone) soient utilis\u00e9es pour le joindre \u00e0 des fins de r\u00e9alisation de la commande, de suivi commercial et pour conna\u00eetre son avis sur les services fournis.\u00a0<\/p>\n<p>\u00a0<\/p>\n<p><strong>L\u2019exercice des droits des internautes<\/strong><\/p>\n<p>Gem\u00e4\u00df der Datenschutz-Grundverordnung, die am 14. April 2016 vom Europ\u00e4ischen Parlament verabschiedet\/angenommen wurde, und gem\u00e4\u00df dem ver\u00e4ndertem frz. Datenschutzgesetzes (\u201eLoi Informatique et Libert\u00e9s) vom 6. Januar 1978, verf\u00fcgen Sie \u00fcber eine Reihe an Rechten bez\u00fcglich Ihrer personenbezogenen Daten.<\/p>\n<p>Sie k\u00f6nnen diese Rechte g\u00fcltig machen\/aus\u00fcben, indem Sie sich direkt an den ? Der Website wenden:<\/p>\n<ul>\n<li>\u2013 per Post: ACSTraduction, 13 chemin de la Dhuy, 38240 MEYLAN<\/li>\n<li>\u2013 per E-Mail: contact (@)acs-traduction(.)com<\/li>\n<\/ul>\n<p>A noter qu\u2019il vous sera demand\u00e9 de fournir un justificatif d\u2019identit\u00e9 en cours de validit\u00e9 afin d\u2019obtenir ces informations, et qu\u2019en cas de demande d\u2019envoi postal, les frais administratifs seront \u00e0 votre charge.\u00a0<\/p>\n<p><strong>Le Droit d\u2019acc\u00e8s aux donn\u00e9es<\/strong><\/p>\n<p>Dans le cadre l\u00e9gal d\u00e9fini par la RGPD, vous pouvez \u00e0 tout moment effectuer une demande \u00e9crite de communication de vos donn\u00e9es personnelles.\u00a0<\/p>\n<ul>\n<li><strong>Recht auf Berichtigung der Daten<\/strong><\/li>\n<\/ul>\n<p>La l\u00e9gislation relative aux donn\u00e9es personnelles vous permet de demander la modification ou la rectification d\u2019informations incompl\u00e8tes, inexactes ou p\u00e9rim\u00e9es relatives \u00e0 vous m\u00eame ou \u00e0 une personne proche d\u00e9c\u00e9d\u00e9e.<\/p>\n<ul>\n<li><strong>Le Droit d\u2019opposition pour motif l\u00e9gitime<\/strong><\/li>\n<\/ul>\n<p>Dans le cadre l\u00e9gislatif d\u00e9fini par la RGPD vous pouvez \u00e0 tout moment vous opposer au traitement de vos donn\u00e9es personnelles pour les motifs suivants :<\/p>\n<ul>\n<li>\u2013 opposition \u00e0 l\u2019utilisation des donn\u00e9es collect\u00e9es dans le cadre d\u2019op\u00e9rations de prospection commerciale,<\/li>\n<li>\u2013 opposition fond\u00e9e sur des motifs l\u00e9gitimes.<\/li>\n<\/ul>\n<p>\u00a0<\/p>\n<ul>\n<li><strong>Le Droit \u00e0 la portabilit\u00e9 des donn\u00e9es<\/strong><\/li>\n<\/ul>\n<p>Dans le cadre l\u00e9gislatif d\u00e9fini par la RGPD vous pouvez \u00e0 tout moment demander \u00e0 r\u00e9cup\u00e9rer vos donn\u00e9es dans un format ouvert et lisible par machine, afin de les stocker sur un autre support ou de les transmettre \u00e0 un autre syst\u00e8me d\u2019information pour une r\u00e9utilisation \u00e0 des fins personnelles.<\/p>\n<ul>\n<li><strong>Le Droit \u00e0 la suppression des donn\u00e9es<\/strong><\/li>\n<\/ul>\n<p>La l\u00e9gislation relative aux donn\u00e9es personnelles vous permet de demander la suppression de toutes vos donn\u00e9es personnelles qui ont \u00e9t\u00e9 enregistr\u00e9es sur le ou les sites Internet \u00e9dit\u00e9s par la soci\u00e9t\u00e9 ACSTraduction.\u00a0<\/p>\n<p><strong>Die Verarbeitung Ihrer Anfragen<\/strong><\/p>\n<p>ACSTraduction verpflichtet sich Ihnen innerhalb von 30 Kalendertagen auf Ihre Anfragen bez\u00fcglich der personenbezogener Daten zu antworten, in einer angemessenen Frist ab deren Erhalt.<\/p>\n<p>Die Firma beh\u00e4lt sich das Recht vor die Anfragen bez\u00fcglich der personenbezogenen Daten zu verweigern\/abzulehnen, deren Absicht boshaftig ist oder aufgrund ihres wiederholten und \u00fcberm\u00e4\u00dfigem Charakter.<\/p>\n<p><strong>Anwendbares Recht <\/strong><\/p>\n<p>Les dispositions ci-dessus rel\u00e8vent, tant pour leur interpr\u00e9tation que pour leur ex\u00e9cution, exclusivement du droit fran\u00e7ais.<\/p>\n<p>En cas de litige entre les parties, les parties conviennent de se rapprocher afin de trouver une solution amiable.<\/p>\n<p>A d\u00e9faut d\u2019accord amiable dans un d\u00e9lai de trente jours, le litige sera port\u00e9 par la partie la plus diligente devant les juridictions fran\u00e7aises, seules comp\u00e9tentes pour conna\u00eetre de ce litige.<\/p>\n<p>Les pr\u00e9sentes dispositions font partie int\u00e9grante des conditions g\u00e9n\u00e9rales de service de la soci\u00e9t\u00e9 ACSTraduction \u00e0 leur date d\u2019acceptation par le client. Elles annulent et remplacent toute disposition de conditions g\u00e9n\u00e9rales de service qui leur serait contraire.<\/p>\n<p>Am 08.02.2019 zuletzt aktualisiert.<\/p>\n<p>\u00a0<\/p>\n<p>[\/et_pb_text][\/et_pb_column][\/et_pb_row][\/et_pb_section]<\/p>\n","protected":false},"excerpt":{"rendered":"<p>Conditions g\u00e9n\u00e9rales de services relatives aux donn\u00e9es personnelles et \u00e0 la confidentialit\u00e9 Datenschutz und die Einhaltung der Vetraulichkeit ??? Sind schon immer eine Priorit\u00e4t f\u00fcr ACSTraduction.La politique de confidentialit\u00e9 a pour objectif de vous pr\u00e9senter la fa\u00e7on dont ACSTraduction utilise, g\u00e8re et prot\u00e8ge les informations personnelles que vous avez pu transmettre \u00e0 l\u2019entreprise dans le [&hellip;]<\/p>\n","protected":false},"author":8,"featured_media":0,"parent":0,"menu_order":0,"comment_status":"closed","ping_status":"closed","template":"","meta":{"_et_pb_use_builder":"on","_et_pb_old_content":"","_et_gb_content_width":"","phrase_has_initial_content_push":false,"footnotes":""},"yst_prominent_words":[1201,1193,1199,1203,160,1188,1186,1194,1192,1202,1195,1189,1196,1191,1200,117,1190,1198,1197,1187],"class_list":["post-9118","page","type-page","status-publish","hentry"],"_links":{"self":[{"href":"https:\/\/www.acs-traduction.com\/de\/wp-json\/wp\/v2\/pages\/9118","targetHints":{"allow":["GET"]}}],"collection":[{"href":"https:\/\/www.acs-traduction.com\/de\/wp-json\/wp\/v2\/pages"}],"about":[{"href":"https:\/\/www.acs-traduction.com\/de\/wp-json\/wp\/v2\/types\/page"}],"author":[{"embeddable":true,"href":"https:\/\/www.acs-traduction.com\/de\/wp-json\/wp\/v2\/users\/8"}],"replies":[{"embeddable":true,"href":"https:\/\/www.acs-traduction.com\/de\/wp-json\/wp\/v2\/comments?post=9118"}],"version-history":[{"count":1,"href":"https:\/\/www.acs-traduction.com\/de\/wp-json\/wp\/v2\/pages\/9118\/revisions"}],"predecessor-version":[{"id":9120,"href":"https:\/\/www.acs-traduction.com\/de\/wp-json\/wp\/v2\/pages\/9118\/revisions\/9120"}],"wp:attachment":[{"href":"https:\/\/www.acs-traduction.com\/de\/wp-json\/wp\/v2\/media?parent=9118"}],"wp:term":[{"taxonomy":"yst_prominent_words","embeddable":true,"href":"https:\/\/www.acs-traduction.com\/de\/wp-json\/wp\/v2\/yst_prominent_words?post=9118"}],"curies":[{"name":"wp","href":"https:\/\/api.w.org\/{rel}","templated":true}]}}