{"id":9092,"date":"2019-04-18T15:00:31","date_gmt":"2019-04-18T13:00:31","guid":{"rendered":"https:\/\/www.acs-traduction.com\/sitemap\/"},"modified":"2020-03-02T10:30:13","modified_gmt":"2020-03-02T09:30:13","slug":"sitemap","status":"publish","type":"page","link":"https:\/\/www.acs-traduction.com\/de\/sitemap\/","title":{"rendered":"Sitemap"},"content":{"rendered":"<p>[et_pb_section fb_built=&#8220;1&#8243; admin_label=&#8220;section&#8220; _builder_version=&#8220;3.22&#8243;][et_pb_row admin_label=&#8220;row&#8220; _builder_version=&#8220;3.25&#8243; background_size=&#8220;initial&#8220; background_position=&#8220;top_left&#8220; background_repeat=&#8220;repeat&#8220;][et_pb_column type=&#8220;4_4&#8243; _builder_version=&#8220;3.25&#8243; custom_padding=&#8220;|||&#8220; custom_padding__hover=&#8220;|||&#8220;][et_pb_text _builder_version=&#8220;3.27.4&#8243; header_font=&#8220;||||||||&#8220; header_text_color=&#8220;#28366e&#8220;]<\/p>\n<h1>&gt; Sitemap<\/h1>\n<p>[\/et_pb_text][\/et_pb_column][\/et_pb_row][et_pb_row _builder_version=&#8220;3.25&#8243;][et_pb_column type=&#8220;4_4&#8243; _builder_version=&#8220;3.25&#8243; custom_padding=&#8220;|||&#8220; custom_padding__hover=&#8220;|||&#8220;][et_pb_text ul_item_indent=&#8220;30px&#8220; _builder_version=&#8220;4.3.4&#8243; link_text_color=&#8220;#28366e&#8220; ul_text_color=&#8220;#28366e&#8220; header_2_text_color=&#8220;#19a35e&#8220; hover_enabled=&#8220;0&#8243;]<\/p>\n<h2>Seiten:<\/h2>\n<ul>\n<li><a href=\"https:\/\/www.acs-traduction.com\/\">HOME<\/a><\/li>\n<li><a href=\"https:\/\/www.acs-traduction.com\/de\/uebersetzungsservice\/\">ACSTraduction<\/a><\/li>\n<li><a href=\"https:\/\/www.acs-traduction.com\/de\/angebotsanfrage\/\">Kontakt<\/a><\/li>\n<li><a href=\"https:\/\/www.acs-traduction.com\/de\/rechtliche-hinweise-2\/\">Impressum<\/a><\/li>\n<li><a href=\"https:\/\/www.acs-traduction.com\/de\/unser-workflow\/\">Unser Workflow<\/a><\/li>\n<li><a href=\"https:\/\/www.acs-traduction.com\/de\/bewerben-sie-sich\/\">Bewerben Sie sich<\/a><\/li>\n<li><a href=\"https:\/\/www.acs-traduction.com\/de\/sitemap\/\">Sitemap<\/a><\/li>\n<li><a href=\"https:\/\/www.acs-traduction.com\/de\/datenschutzerklarung\/\">Datenschutzerkl\u00e4rung<\/a><\/li>\n<li><a href=\"https:\/\/www.acs-traduction.com\/de\/referenzen\/\">Referenzen<\/a><\/li>\n<li><a href=\"https:\/\/www.acs-traduction.com\/de\/wir-ubersetzen\/\">Wir \u00fcbersetzen\u00a0&#8230;<\/a>\n<ul class=\"children\">\n<li><a href=\"https:\/\/www.acs-traduction.com\/de\/wir-ubersetzen\/dolmetschen-bei-events-tagungen-oder-konferenzen\/\">Dolmetschen bei Events, Tagungen oder Konferenzen<\/a><\/li>\n<li><a href=\"https:\/\/www.acs-traduction.com\/de\/wir-ubersetzen\/beglaubigte-ubersetzung\/\">Beglaubigte \u00dcbersetzung<\/a><\/li>\n<li><a href=\"https:\/\/www.acs-traduction.com\/de\/wir-ubersetzen\/audiovisuelle-ubersetzung-ubersetzung-von-firmenvideos\/\">Audiovisuelle \u00dcbersetzung, \u00dcbersetzung von Firmenvideos<\/a><\/li>\n<li><a href=\"https:\/\/www.acs-traduction.com\/de\/wir-ubersetzen\/finanzubersetzung\/\">Finanz\u00fcbersetzung<\/a><\/li>\n<li><a href=\"https:\/\/www.acs-traduction.com\/de\/wir-ubersetzen\/rechtuebersetzung\/\">Recht\u00fcbersetzung<\/a><\/li>\n<li><a href=\"https:\/\/www.acs-traduction.com\/de\/wir-ubersetzen\/ubersetzung-von-marketing-und-wirtschaftsdokumenten-oder-kommunikationstragern\/\">\u00dcbersetzung von Marketing- und Wirtschaftsdokumenten oder Kommunikationstr\u00e4gern<\/a><\/li>\n<li><a href=\"https:\/\/www.acs-traduction.com\/de\/medizin-und-kosmetikubersetzung\/\">Medizin- und Kosmetik\u00fcbersetzung<\/a><\/li>\n<li><a href=\"https:\/\/www.acs-traduction.com\/de\/wir-ubersetzen\/technische-ubersetzung\/\">Technische \u00dcbersetzung<\/a><\/li>\n<li><a href=\"https:\/\/www.acs-traduction.com\/de\/wir-ubersetzen\/ubersetzung-onologie-ubersetzung-gastronomie\/\">\u00dcbersetzung \u00d6nologie, \u00dcbersetzung Gastronomie<\/a><\/li>\n<li><a href=\"https:\/\/www.acs-traduction.com\/de\/wir-ubersetzen\/ubersetzung-fur-den-fachbereich-sport\/\">\u00dcbersetzung f\u00fcr den Fachbereich Sport<\/a><\/li>\n<\/ul>\n<\/li>\n<li><a href=\"https:\/\/www.acs-traduction.com\/de\/web\/\">LOKALISIERUNG<\/a>\n<ul class=\"children\">\n<li><a href=\"https:\/\/www.acs-traduction.com\/de\/web\/mehrsprachige-seo-website-ubersetzung\/\">Mehrsprachige SEO &#8211; Website-\u00dcbersetzung<\/a><\/li>\n<li><a href=\"https:\/\/www.acs-traduction.com\/de\/web\/wordpress-website-ubersetzung-mit-wpml\/\">WordPress-Website-\u00dcbersetzung mit WPML<\/a><\/li>\n<li><a href=\"https:\/\/www.acs-traduction.com\/de\/web\/website-ubersetzung-und-web-app-lokalisierung\/\">Website-\u00dcbersetzung und Web-App-Lokalisierung<\/a><\/li>\n<\/ul>\n<\/li>\n<\/ul>\n<p>[\/et_pb_text][\/et_pb_column][\/et_pb_row][\/et_pb_section]<\/p>\n","protected":false},"excerpt":{"rendered":"<p>&gt; Sitemap Seiten: HOME ACSTraduction Kontakt Impressum Unser Workflow Bewerben Sie sich Sitemap Datenschutzerkl\u00e4rung Referenzen Wir \u00fcbersetzen\u00a0&#8230; Dolmetschen bei Events, Tagungen oder Konferenzen Beglaubigte \u00dcbersetzung Audiovisuelle \u00dcbersetzung, \u00dcbersetzung von Firmenvideos Finanz\u00fcbersetzung Recht\u00fcbersetzung \u00dcbersetzung von Marketing- und Wirtschaftsdokumenten oder Kommunikationstr\u00e4gern Medizin- und Kosmetik\u00fcbersetzung Technische \u00dcbersetzung \u00dcbersetzung \u00d6nologie, \u00dcbersetzung Gastronomie \u00dcbersetzung f\u00fcr den Fachbereich Sport LOKALISIERUNG Mehrsprachige [&hellip;]<\/p>\n","protected":false},"author":8,"featured_media":0,"parent":0,"menu_order":0,"comment_status":"closed","ping_status":"closed","template":"","meta":{"_et_pb_use_builder":"on","_et_pb_old_content":"[fullwidth class=\"lddw-h1\"]<h1>Plan du site<\/h1>[\/fullwidth]","_et_gb_content_width":"","phrase_has_initial_content_push":false,"footnotes":""},"yst_prominent_words":[58,107,1314,1106,769,767,34,8,105,766],"class_list":["post-9092","page","type-page","status-publish","hentry"],"_links":{"self":[{"href":"https:\/\/www.acs-traduction.com\/de\/wp-json\/wp\/v2\/pages\/9092","targetHints":{"allow":["GET"]}}],"collection":[{"href":"https:\/\/www.acs-traduction.com\/de\/wp-json\/wp\/v2\/pages"}],"about":[{"href":"https:\/\/www.acs-traduction.com\/de\/wp-json\/wp\/v2\/types\/page"}],"author":[{"embeddable":true,"href":"https:\/\/www.acs-traduction.com\/de\/wp-json\/wp\/v2\/users\/8"}],"replies":[{"embeddable":true,"href":"https:\/\/www.acs-traduction.com\/de\/wp-json\/wp\/v2\/comments?post=9092"}],"version-history":[{"count":2,"href":"https:\/\/www.acs-traduction.com\/de\/wp-json\/wp\/v2\/pages\/9092\/revisions"}],"predecessor-version":[{"id":12131,"href":"https:\/\/www.acs-traduction.com\/de\/wp-json\/wp\/v2\/pages\/9092\/revisions\/12131"}],"wp:attachment":[{"href":"https:\/\/www.acs-traduction.com\/de\/wp-json\/wp\/v2\/media?parent=9092"}],"wp:term":[{"taxonomy":"yst_prominent_words","embeddable":true,"href":"https:\/\/www.acs-traduction.com\/de\/wp-json\/wp\/v2\/yst_prominent_words?post=9092"}],"curies":[{"name":"wp","href":"https:\/\/api.w.org\/{rel}","templated":true}]}}