{"id":9087,"date":"2019-04-18T15:00:23","date_gmt":"2019-04-18T13:00:23","guid":{"rendered":"https:\/\/www.acs-traduction.com\/bewerben-sie-sich\/"},"modified":"2019-08-20T14:52:52","modified_gmt":"2019-08-20T12:52:52","slug":"bewerben-sie-sich","status":"publish","type":"page","link":"https:\/\/www.acs-traduction.com\/de\/bewerben-sie-sich\/","title":{"rendered":"Bewerben Sie sich"},"content":{"rendered":"<p>[et_pb_section fb_built=&#8220;1&#8243; _builder_version=&#8220;3.22.3&#8243;][et_pb_row _builder_version=&#8220;3.25&#8243; custom_margin=&#8220;0px||0px||true&#8220; custom_padding=&#8220;0px|0px|0px|0px|true|false&#8220;][et_pb_column type=&#8220;4_4&#8243; _builder_version=&#8220;3.0.47&#8243; custom_padding=&#8220;|||&#8220; custom_padding__hover=&#8220;|||&#8220;][et_pb_image src=&#8220;https:\/\/www.acs-traduction.com\/img\/logo-petale.png&#8220; show_bottom_space=&#8220;off&#8220; align=&#8220;center&#8220; align_tablet=&#8220;center&#8220; align_last_edited=&#8220;on|desktop&#8220; _builder_version=&#8220;3.23&#8243; custom_margin=&#8220;||0px&#8220; custom_padding=&#8220;||0px|&#8220;][\/et_pb_image][\/et_pb_column][\/et_pb_row][et_pb_row _builder_version=&#8220;3.25&#8243; custom_padding=&#8220;0|0px|0|0px|false|false&#8220;][et_pb_column type=&#8220;4_4&#8243; _builder_version=&#8220;3.0.47&#8243; custom_padding=&#8220;|||&#8220; custom_padding__hover=&#8220;|||&#8220;][et_pb_text _builder_version=&#8220;3.26.6&#8243; text_text_color=&#8220;#000000&#8243; text_orientation=&#8220;center&#8220; z_index_tablet=&#8220;500&#8243; text_text_shadow_horizontal_length_tablet=&#8220;0px&#8220; text_text_shadow_vertical_length_tablet=&#8220;0px&#8220; text_text_shadow_blur_strength_tablet=&#8220;1px&#8220; link_text_shadow_horizontal_length_tablet=&#8220;0px&#8220; link_text_shadow_vertical_length_tablet=&#8220;0px&#8220; link_text_shadow_blur_strength_tablet=&#8220;1px&#8220; ul_text_shadow_horizontal_length_tablet=&#8220;0px&#8220; ul_text_shadow_vertical_length_tablet=&#8220;0px&#8220; ul_text_shadow_blur_strength_tablet=&#8220;1px&#8220; ol_text_shadow_horizontal_length_tablet=&#8220;0px&#8220; ol_text_shadow_vertical_length_tablet=&#8220;0px&#8220; ol_text_shadow_blur_strength_tablet=&#8220;1px&#8220; quote_text_shadow_horizontal_length_tablet=&#8220;0px&#8220; quote_text_shadow_vertical_length_tablet=&#8220;0px&#8220; quote_text_shadow_blur_strength_tablet=&#8220;1px&#8220; header_text_shadow_horizontal_length_tablet=&#8220;0px&#8220; header_text_shadow_vertical_length_tablet=&#8220;0px&#8220; header_text_shadow_blur_strength_tablet=&#8220;1px&#8220; header_2_text_shadow_horizontal_length_tablet=&#8220;0px&#8220; header_2_text_shadow_vertical_length_tablet=&#8220;0px&#8220; header_2_text_shadow_blur_strength_tablet=&#8220;1px&#8220; header_3_text_shadow_horizontal_length_tablet=&#8220;0px&#8220; header_3_text_shadow_vertical_length_tablet=&#8220;0px&#8220; header_3_text_shadow_blur_strength_tablet=&#8220;1px&#8220; header_4_text_shadow_horizontal_length_tablet=&#8220;0px&#8220; header_4_text_shadow_vertical_length_tablet=&#8220;0px&#8220; header_4_text_shadow_blur_strength_tablet=&#8220;1px&#8220; header_5_text_shadow_horizontal_length_tablet=&#8220;0px&#8220; header_5_text_shadow_vertical_length_tablet=&#8220;0px&#8220; header_5_text_shadow_blur_strength_tablet=&#8220;1px&#8220; header_6_text_shadow_horizontal_length_tablet=&#8220;0px&#8220; header_6_text_shadow_vertical_length_tablet=&#8220;0px&#8220; header_6_text_shadow_blur_strength_tablet=&#8220;1px&#8220; box_shadow_horizontal_tablet=&#8220;0px&#8220; box_shadow_vertical_tablet=&#8220;0px&#8220; box_shadow_blur_tablet=&#8220;40px&#8220; box_shadow_spread_tablet=&#8220;0px&#8220;]<\/p>\n<h1 class=\"vert bold\"><span>ACSTraduction braucht Sie!<\/span><br \/> Wir freuen uns auf Ihre Bewerbung<\/h1>\n<p class=\"black\">Das \u00dcbersetzungsb\u00fcro ACSTraduction stellt hier regelm\u00e4\u00dfig Praktikums- und Stellenangebote online.<\/p>\n<p>[\/et_pb_text][\/et_pb_column][\/et_pb_row][\/et_pb_section][et_pb_section fb_built=&#8220;1&#8243; module_class=&#8220;format-accueil&#8220; _builder_version=&#8220;3.26.6&#8243; custom_padding=&#8220;0|0px|0|0px|false|false&#8220;][et_pb_row column_structure=&#8220;1_2,1_2&#8243; use_custom_gutter=&#8220;on&#8220; gutter_width=&#8220;1&#8243; make_equal=&#8220;on&#8220; module_class=&#8220; et_pb_row_fullwidth&#8220; _builder_version=&#8220;3.26.6&#8243; width=&#8220;100%&#8220; width_tablet=&#8220;100%&#8220; width_last_edited=&#8220;on|desktop&#8220; max_width=&#8220;100%&#8220; max_width_tablet=&#8220;100%&#8220; max_width_last_edited=&#8220;on|desktop&#8220; custom_padding=&#8220;0px||0px||true|false&#8220; make_fullwidth=&#8220;on&#8220;][et_pb_column type=&#8220;1_2&#8243; module_class=&#8220;fond-bleu_marine&#8220; _builder_version=&#8220;3.26.6&#8243; background_image=&#8220;https:\/\/www.acs-traduction.com\/img\/accueil-methode.png&#8220; background_size=&#8220;contain&#8220; background_position=&#8220;center_right&#8220; custom_padding=&#8220;30px|||&#8220; custom_padding__hover=&#8220;|||&#8220;][et_pb_text _builder_version=&#8220;3.19.18&#8243; text_font=&#8220;||||||||&#8220; text_font_size=&#8220;20px&#8220; custom_padding=&#8220;|||30%&#8220;]<\/p>\n<h2 class=\"blanc margin-bottom1-2\">Sie sind motiviert?<br \/>\nWerden Sie Teil unseres Teams! <\/h2>\n<div class=\"blanc bold margin-bottom1-2\">\n<p><i class=\"fas fa-check vert\"><\/i> Authentisch<\/p>\n<p><i class=\"fas fa-check vert\"><\/i> Zuverl\u00e4ssig<\/p>\n<p><i class=\"fas fa-check vert\"><\/i> Kundenorientiert<\/p>\n<p><i class=\"fas fa-check vert\"><\/i> Professionell<\/p>\n<\/div>\n<p class=\"vert bold rejoindrepadding margin-bottom\">&#8230; und immer<br \/> gut gelaunt!<\/p>\n<p>[\/et_pb_text][\/et_pb_column][et_pb_column type=&#8220;1_2&#8243; module_class=&#8220;fond-nous-rejoindre fond-bleu_marine &#8220; _builder_version=&#8220;3.26.6&#8243; background_image=&#8220;https:\/\/www.acs-traduction.com\/img\/accueil-methode.png&#8220; background_size=&#8220;contain&#8220; background_position=&#8220;center_right&#8220; custom_padding=&#8220;|||&#8220; custom_padding__hover=&#8220;|||&#8220;][\/et_pb_column][\/et_pb_row][\/et_pb_section][et_pb_section fb_built=&#8220;1&#8243; module_class=&#8220;fond-gris&#8220; _builder_version=&#8220;3.22.3&#8243;][et_pb_row _builder_version=&#8220;3.25&#8243;][et_pb_column type=&#8220;4_4&#8243; _builder_version=&#8220;3.0.47&#8243; custom_padding=&#8220;|||&#8220; custom_padding__hover=&#8220;|||&#8220;][et_pb_text _builder_version=&#8220;3.19.18&#8243; text_font=&#8220;||||||||&#8220; text_orientation=&#8220;center&#8220;]<\/p>\n<h2 class=\"bleu semibold margin-bottom1-2\">ACSTraduction braucht Sie!<\/h2>\n<p class=\"black margin-bottom1-2\">Leider haben wir zurzeit keine freie Stelle. Falls Sie Interesse haben, senden Sie uns doch spontan Ihre Bewerbung.<\/p>\n<p><a href=\"mailto:jobs@acs-traduction.com\" title=\"Sich bei ACSTraduction bewerben\" class=\"lien-recrutement blanc fond-bleu maj\">Jetzt bewerben! <i class=\"fas fa-arrow-right\"><\/i><\/a><\/p>\n<p>[\/et_pb_text][\/et_pb_column][\/et_pb_row][\/et_pb_section][et_pb_section fb_built=&#8220;1&#8243; _builder_version=&#8220;3.22.3&#8243;][et_pb_row _builder_version=&#8220;3.25&#8243;][et_pb_column type=&#8220;4_4&#8243; _builder_version=&#8220;3.0.47&#8243; custom_padding=&#8220;|||&#8220; custom_padding__hover=&#8220;|||&#8220;][et_pb_text _builder_version=&#8220;3.26.6&#8243; text_font=&#8220;||||||||&#8220; text_orientation=&#8220;center&#8220;]<\/p>\n<h2 class=\"bleu semibold margin-bottom1-2\">Sie suchen ein Praktikum?<\/h2>\n<p class=\"black\">Das \u00dcbersetzungsb\u00fcro ACSTraduction stellt hier regelm\u00e4\u00dfig Praktikums- und Stellenangebote online.<\/p>\n<p class=\"margin-bottom1-2\"><a href=\"https:\/\/www.acs-traduction.com\/annonce\/Annonce Internship English-dutch-2019_EN_FINAL_2.pdf\" target=\"_blank\" rel=\"noopener noreferrer\"><br \/>\nNiederl\u00e4ndischer \u00dcbersetzer<\/p>\n<p><a href=\"mailto:jobs@acs-traduction.com\" title=\"Sich bei ACSTraduction um ein Praktikum bewerben\" class=\"lien-recrutement blanc fond-bleu maj\">Jetzt bewerben!<\/a><\/p>\n<p>[\/et_pb_text][\/et_pb_column][\/et_pb_row][\/et_pb_section][et_pb_section fb_built=&#8220;1&#8243; module_class=&#8220;fond-gris&#8220; _builder_version=&#8220;3.22.3&#8243;][et_pb_row _builder_version=&#8220;3.25&#8243;][et_pb_column type=&#8220;4_4&#8243; _builder_version=&#8220;3.0.47&#8243; custom_padding=&#8220;|||&#8220; custom_padding__hover=&#8220;|||&#8220;][et_pb_text _builder_version=&#8220;3.26.6&#8243; text_font=&#8220;||||||||&#8220; text_orientation=&#8220;center&#8220;]<\/p>\n<h2 class=\"bleu semibold margin-bottom1-2\">Sie sind \u00dcbersetzer?<\/h2>\n<p class=\"black margin-bottom1-2\">Wir sind st\u00e4ndig auf der Suche nach neuen Talenten. Sie sind Diplom-\u00dcbersetzer\/in und m\u00f6chten sich unserem Freelancer-Team anschlie\u00dfen? Dann schicken Sie uns Ihre Bewerbung mit Ihren Arbeitssprachen, Ihren Diplomen und Ihren Erfahrungen.<\/p>\n<p><a href=\"https:\/\/acs-traduction.tpbox.com\/TPBox?tradregister&amp;GER\" title=\"Sich bei ACSTraduction als \u00dcbersetzer\/in bewerben\" class=\"lien-recrutement blanc fond-bleu maj\" target=\"_blank\" rel=\"noopener noreferrer\">Jetzt bewerben! <i class=\"fas fa-arrow-right\"><\/i><\/a><\/p>\n<p>[\/et_pb_text][\/et_pb_column][\/et_pb_row][\/et_pb_section][et_pb_section fb_built=&#8220;1&#8243; module_class=&#8220;fond-bleu&#8220; _builder_version=&#8220;3.22.3&#8243;][et_pb_row _builder_version=&#8220;3.25&#8243;][et_pb_column type=&#8220;4_4&#8243; _builder_version=&#8220;3.0.47&#8243; custom_padding=&#8220;|||&#8220; custom_padding__hover=&#8220;|||&#8220;][et_pb_text _builder_version=&#8220;3.26.6&#8243; text_font=&#8220;||||||||&#8220; text_orientation=&#8220;center&#8220;]<\/p>\n<h2 class=\"blanc margin-bottom1-2\">Folgen Sie uns!<\/h2>\n<p class=\"reseaux-rejoindre bleu\">\n\t<a href=\"https:\/\/fr.linkedin.com\/company\/acs-traduction\" target=\"_blank\" rel=\"noopener noreferrer\"><i class=\"fab fa-linkedin-in\"><\/i><\/a><a href=\"https:\/\/www.facebook.com\/acs.traduction\/\" target=\"_blank\" rel=\"noopener noreferrer\"><i class=\"fab fa-facebook-f\"><\/i><\/a><a href=\"https:\/\/twitter.com\/acstrad\" target=\"_blank\" rel=\"noopener noreferrer\"><i class=\"fab fa-twitter\"><\/i><\/a>\n<\/p>\n<p>[\/et_pb_text][\/et_pb_column][\/et_pb_row][\/et_pb_section][et_pb_section fb_built=&#8220;1&#8243; _builder_version=&#8220;3.22.3&#8243; custom_padding=&#8220;0|0px|0|0px|false|false&#8220;][et_pb_row _builder_version=&#8220;3.25&#8243; custom_padding=&#8220;24px|0px|0|0px|false|false&#8220;][et_pb_column type=&#8220;4_4&#8243; _builder_version=&#8220;3.0.47&#8243; custom_padding=&#8220;|||&#8220; custom_padding__hover=&#8220;|||&#8220;][et_pb_text ul_type=&#8220;none&#8220; module_class=&#8220;liste-fin-accueil&#8220; _builder_version=&#8220;3.19.3&#8243; text_font=&#8220;||||||||&#8220; text_text_color=&#8220;#28366e&#8220; ul_font=&#8220;||||||||&#8220;]<\/p>\n<ul>\n<li><img decoding=\"async\" src=\"\/img\/symbole-bas-de-page.png\" alt=\"symbole d'ajout sur fond d'une partie du logo\">Dynamisch und zuverl\u00e4ssig<\/li>\n<li> <img decoding=\"async\" src=\"\/img\/symbole-bas-de-page.png\" alt=\"symbole d'ajout sur fond d'une partie du logo\"> DTP-Leistung <\/li>\n<li><img decoding=\"async\" src=\"\/img\/symbole-bas-de-page.png\" alt=\"symbole d'ajout sur fond d'une partie du logo\"> Die besten \u00dcbersetzer in 20 Sprachen<\/li>\n<li><img decoding=\"async\" src=\"\/img\/symbole-bas-de-page.png\" alt=\"symbole d'ajout sur fond d'une partie du logo\"> Qualit\u00e4tsnorm ISO 17100:2015 <\/li>\n<li><img decoding=\"async\" src=\"\/img\/symbole-bas-de-page.png\" alt=\"symbole d'ajout sur fond d'une partie du logo\"> Vertraulichkeit<\/li>\n<\/ul>\n<p>[\/et_pb_text][\/et_pb_column][\/et_pb_row][\/et_pb_section]<\/p>\n","protected":false},"excerpt":{"rendered":"<p>ACSTraduction braucht Sie! Wir freuen uns auf Ihre Bewerbung Das \u00dcbersetzungsb\u00fcro ACSTraduction stellt hier regelm\u00e4\u00dfig Praktikums- und Stellenangebote online. Sie sind motiviert? Werden Sie Teil unseres Teams! Authentisch Zuverl\u00e4ssig Kundenorientiert Professionell &#8230; und immer gut gelaunt! ACSTraduction braucht Sie! Leider haben wir zurzeit keine freie Stelle. Falls Sie Interesse haben, senden Sie uns doch spontan [&hellip;]<\/p>\n","protected":false},"author":8,"featured_media":0,"parent":0,"menu_order":0,"comment_status":"closed","ping_status":"closed","template":"","meta":{"_et_pb_use_builder":"on","_et_pb_old_content":"[columns equal_height=\"no\" class=\"lddw-methode-title first\"]\r\n[column fraction=\"50\" text_align=\"right\" responsive_rule=\"xs:50\"]<img src=\"\/img\/methode-icon.png\" alt=\"\" \/>[\/column]\r\n[column fraction=\"50\" text_align=\"left\" responsive_rule=\"xs:50\"]<img src=\"\/img\/methode-icon-0.png\" alt=\"\" \/>[\/column]\r\n[\/columns]\r\n[columns equal_height=\"no\" class=\"lddw-methode-title\"]\r\n[column fraction=\"50\" text_align=\"right\" responsive_rule=\"xs:50\"]<img src=\"\/img\/rejoindre-icon-bleu.jpg\" alt=\"\" \/>[\/column]\r\n[column fraction=\"50\" text_align=\"left\" responsive_rule=\"xs:50\"]<h1>REJOIGNEZ-NOUS<\/h1>[\/column]\r\n[\/columns]\r\n[columns equal_height=\"no\"]\r\n[column fraction=\"50\"][p]<strong>ACSTraduction<\/strong> est toujours \u00e0 la recherche de nouveaux talents et recrute des traducteurs professionnels.<br \/>Traducteurs professionnels, soumettez votre candidature <a href=\"https:\/\/acs-traduction.tpbox.com\/TPBox?tradregister&FRE\" target=\"_blank\">ici<\/a>.[\/p][\/column]\r\n[column fraction=\"50\"][p]ACSTraduction propose r\u00e9guli\u00e8rement des offres de stages dans les domaines\u00a0: traduction, gestion de projet, informatique.<br \/>Si vous souhaitez effectuer un stage, envoyez votre candidature par e-mail \u00e0\u00a0: <a href=\"mailto:jobs@acs-traduction.com\">jobs@acs-traduction.com<\/a>[\/p][\/column]\r\n[\/columns]","_et_gb_content_width":"","phrase_has_initial_content_push":false,"footnotes":""},"yst_prominent_words":[292,1354,1352,1359,1568,1350,1346,1344,1357,1355,1351,1360,1356,1347,1358,1349,1345,34,1353,1348],"class_list":["post-9087","page","type-page","status-publish","hentry"],"_links":{"self":[{"href":"https:\/\/www.acs-traduction.com\/de\/wp-json\/wp\/v2\/pages\/9087","targetHints":{"allow":["GET"]}}],"collection":[{"href":"https:\/\/www.acs-traduction.com\/de\/wp-json\/wp\/v2\/pages"}],"about":[{"href":"https:\/\/www.acs-traduction.com\/de\/wp-json\/wp\/v2\/types\/page"}],"author":[{"embeddable":true,"href":"https:\/\/www.acs-traduction.com\/de\/wp-json\/wp\/v2\/users\/8"}],"replies":[{"embeddable":true,"href":"https:\/\/www.acs-traduction.com\/de\/wp-json\/wp\/v2\/comments?post=9087"}],"version-history":[{"count":3,"href":"https:\/\/www.acs-traduction.com\/de\/wp-json\/wp\/v2\/pages\/9087\/revisions"}],"predecessor-version":[{"id":11603,"href":"https:\/\/www.acs-traduction.com\/de\/wp-json\/wp\/v2\/pages\/9087\/revisions\/11603"}],"wp:attachment":[{"href":"https:\/\/www.acs-traduction.com\/de\/wp-json\/wp\/v2\/media?parent=9087"}],"wp:term":[{"taxonomy":"yst_prominent_words","embeddable":true,"href":"https:\/\/www.acs-traduction.com\/de\/wp-json\/wp\/v2\/yst_prominent_words?post=9087"}],"curies":[{"name":"wp","href":"https:\/\/api.w.org\/{rel}","templated":true}]}}