{"id":9063,"date":"2019-04-18T14:59:42","date_gmt":"2019-04-18T12:59:42","guid":{"rendered":"https:\/\/www.acs-traduction.com\/angebotsanfrage\/"},"modified":"2026-05-04T10:07:49","modified_gmt":"2026-05-04T08:07:49","slug":"angebotsanfrage","status":"publish","type":"page","link":"https:\/\/www.acs-traduction.com\/de\/angebotsanfrage\/","title":{"rendered":"Angebotsanfrage"},"content":{"rendered":"<p>[et_pb_section fb_built=&#8220;1&#8243; disabled_on=&#8220;off|off|off&#8220; admin_label=&#8220;Logo partie 1&#8243; module_id=&#8220;qualite&#8220; module_class=&#8220;icone-logo&#8220; _builder_version=&#8220;4.16&#8243; custom_padding=&#8220;50px|0px|0|0px|false|false&#8220; global_colors_info=&#8220;{}&#8220;][et_pb_row _builder_version=&#8220;4.16&#8243; _module_preset=&#8220;default&#8220; global_colors_info=&#8220;{}&#8220;][et_pb_column type=&#8220;4_4&#8243; _builder_version=&#8220;4.16&#8243; _module_preset=&#8220;default&#8220; global_colors_info=&#8220;{}&#8220;][et_pb_image src=&#8220;https:\/\/www.acs-traduction.com\/img\/logo-petale.png&#8220; alt=&#8220;Logo a 3 p\u00e9tales de la page demande de devis&#8220; title_text=&#8220;logo-petale&#8220; align=&#8220;center&#8220; _builder_version=&#8220;4.27.6&#8243; _module_preset=&#8220;default&#8220; global_colors_info=&#8220;{}&#8220;][\/et_pb_image][et_pb_text module_class=&#8220;center&#8220; _builder_version=&#8220;4.27.6&#8243; text_font=&#8220;|700||on|||||&#8220; text_text_color=&#8220;#28366e&#8220; text_font_size=&#8220;25px&#8220; header_font=&#8220;|700|||||||&#8220; header_text_color=&#8220;#28366e&#8220; header_2_font=&#8220;|700||on|||||&#8220; header_2_text_color=&#8220;#28366e&#8220; text_orientation=&#8220;center&#8220; global_colors_info=&#8220;{}&#8220;]<\/p>\n<p>Unser Team ist f\u00fcr Sie da<\/p>\n<p>[\/et_pb_text][\/et_pb_column][\/et_pb_row][\/et_pb_section][et_pb_section fb_built=&#8220;1&#8243; _builder_version=&#8220;4.16&#8243; custom_padding=&#8220;0|0|0|0|false|false&#8220; global_colors_info=&#8220;{}&#8220;][et_pb_row _builder_version=&#8220;4.16&#8243; global_colors_info=&#8220;{}&#8220;][et_pb_column type=&#8220;4_4&#8243; _builder_version=&#8220;4.16&#8243; custom_padding=&#8220;|||&#8220; global_colors_info=&#8220;{}&#8220; custom_padding__hover=&#8220;|||&#8220;][et_pb_text _builder_version=&#8220;4.16&#8243; header_text_color=&#8220;#28366e&#8220; header_2_text_color=&#8220;#19a35e&#8220; global_colors_info=&#8220;{}&#8220;]<\/p>\n<h1 style=\"text-align: center;\"><span style=\"font-size: x-large;\">Sie brauchen eine Sprachdienstleistung f\u00fcrs Ausland? Wir sind f\u00fcr Sie da.<\/span><\/h1>\n<p>&nbsp;<\/p>\n<h2 style=\"text-align: center;\"><span style=\"font-size: x-large;\">Ein Projektmanager meldet sich werktags innerhalb von 60\u00a0Minuten bei Ihnen<\/span><\/h2>\n<p>[\/et_pb_text][\/et_pb_column][\/et_pb_row][et_pb_row column_structure=&#8220;1_2,1_2&#8243; _builder_version=&#8220;4.16&#8243; max_width=&#8220;1400px&#8220; use_custom_width=&#8220;on&#8220; custom_width_px=&#8220;1400px&#8220; global_colors_info=&#8220;{}&#8220;][et_pb_column type=&#8220;1_2&#8243; _builder_version=&#8220;4.16&#8243; custom_padding=&#8220;|||&#8220; global_colors_info=&#8220;{}&#8220; custom_padding__hover=&#8220;|||&#8220;][et_pb_text _builder_version=&#8220;4.16&#8243; header_font=&#8220;||||||||&#8220; header_3_font=&#8220;||||||||&#8220; header_3_text_color=&#8220;#19a35e&#8220; custom_margin=&#8220;||32px&#8220; global_colors_info=&#8220;{}&#8220;]<\/p>\n<h3>Unsere \u00d6ffnungszeiten:<\/h3>\n<p>[\/et_pb_text][et_pb_text _builder_version=&#8220;4.27.6&#8243; text_font=&#8220;||||||||&#8220; link_font=&#8220;||||||||&#8220; link_font_size=&#8220;13px&#8220; header_font=&#8220;||||||||&#8220; header_3_font=&#8220;||||||||&#8220; header_3_text_color=&#8220;#19a35e&#8220; header_3_line_height=&#8220;1.8em&#8220; custom_margin=&#8220;|||||false&#8220; custom_padding=&#8220;|||||false&#8220; hover_enabled=&#8220;0&#8243; global_colors_info=&#8220;{}&#8220; sticky_enabled=&#8220;0&#8243;]<\/p>\n<div class=\"information col1-2\">\n<div class=\"part left\">\n<h3>Sie sind Firmenkunde?<\/h3>\n<div class=\"flexbox\">\n<div class=\"telephone col1-3\">\n<p>&nbsp;<\/p>\n<h4>Rufen Sie uns an<\/h4>\n<p><a class=\"bold unpointcinq\" href=\"tel:+33(0)972423372\">+33 (0)9 72 42 33 72 (FR)<\/a><\/p>\n<p><a class=\"bold unpointcinq\" href=\"tel:+33972191178\">+33 (0)9 72 19 11 78 (EN)<\/a><\/p>\n<\/div>\n<div class=\"email col1-3\">\n<p>&nbsp;<\/p>\n<h4>E-Mail<\/h4>\n<p><a href=\"mailto:contact@acs-traduction.com\">contact@acs-traduction.com<\/a><\/p>\n<\/div>\n<div class=\"Linkedin col1-3 collast solo\">\n<p>&nbsp;<\/p>\n<h4>LinkedIn<\/h4>\n<p><a href=\"https:\/\/fr.linkedin.com\/company\/acs-traduction\" target=\"_blank\" rel=\"noopener noreferrer\">Unsere Seite<\/a><\/p>\n<\/div>\n<\/div>\n<p>Sie erreichen uns telefonisch von Montag bis Freitag von 9.00 -13.00 Uhr und von 14.00 \u2013 17.00 Uhr.<\/p>\n<\/div>\n<div class=\"part right\">\n<h3>Sie sind Privatkunde?<\/h3>\n<div class=\"flexbox\">\n<div class=\"telephone col1-3\">\n<p>&nbsp;<\/p>\n<h4>Rufen Sie uns an<\/h4>\n<p><a class=\"bold unpointcinq\" href=\"tel:+33(0)972423343\">+33 (0)9 72 42 33 72 (FR)<\/a><\/p>\n<p><a class=\"bold unpointcinq\" href=\"tel:+33972191178\">+33 (0)9 72 19 11 78 (EN)<\/a><\/p>\n<\/div>\n<div class=\"email col1-3\">\n<p>&nbsp;<\/p>\n<h4>E-Mail<\/h4>\n<p><a href=\"mailto:info@acs-traduction.com\">info@acs-traduction.com<\/a><\/p>\n<\/div>\n<div class=\"prestashop col1-3 collast solo\">\n<p>&nbsp;<\/p>\n<h4>E-Shop<\/h4>\n<p><a href=\"https:\/\/www.traduction-assermentee-officielle.com\/fr\/\" target=\"_blank\" rel=\"noopener noreferrer\">Unser Shop<\/a><\/p>\n<\/div>\n<\/div>\n<p>Sie erreichen uns telefonisch : Montag bis Freitag von 8.30 \u2013 13.00 Uhr und von 14.00 \u2013 17.00 Uhr<\/p>\n<\/div>\n<div class=\"part left\">\n<h3>\u00dcbersetzungsb\u00fcro Grenoble<\/h3>\n<div class=\"flexbox\">\n<div class=\"adresse col1-3\">\n<p>&nbsp;<\/p>\n<h4>ACSTraduction<\/h4>\n<p>13 chemin de la Dhuy<\/p>\n<p>38240 Meylan (Grenoble) \u2013 Frankreich<\/p>\n<\/div>\n<div class=\"maps col2-3 collast\"><!-- Zone de l'iframe de la map google --><br \/><iframe loading=\"lazy\" style=\"border: 0;\" src=\"https:\/\/www.google.com\/maps\/embed?pb=!1m18!1m12!1m3!1d2810.695301228565!2d5.7931523159078475!3d45.21350097909873!2m3!1f0!2f0!3f0!3m2!1i1024!2i768!4f13.1!3m3!1m2!1s0x0%3A0x9a00c467e41084a2!2sACSTraduction!5e0!3m2!1sfr!2sfr!4v1548865346115\" width=\"100%\" height=\"200\" frameborder=\"0\" allowfullscreen=\"allowfullscreen\"><\/iframe><\/div>\n<\/div>\n<\/div>\n<\/div>\n<p>[\/et_pb_text][\/et_pb_column][et_pb_column type=&#8220;1_2&#8243; module_id=&#8220;formulaire-iframe&#8220; _builder_version=&#8220;4.16&#8243; custom_padding=&#8220;|||&#8220; global_colors_info=&#8220;{}&#8220; custom_padding__hover=&#8220;|||&#8220;][et_pb_text _builder_version=&#8220;4.16&#8243; header_font=&#8220;||||||||&#8220; header_3_font=&#8220;||||||||&#8220; header_3_text_color=&#8220;#19a35e&#8220; global_colors_info=&#8220;{}&#8220;]<\/p>\n<h3>F\u00fcllen Sie folgendes Formular aus, um ein Angebot zu erhalten<\/h3>\n<p>Online-Angebotsanfrage, schnell und einfach. Sichere \u00dcbertragung Ihrer Dateien.<br \/>\n[\/et_pb_text][et_pb_code module_class=&#8220;iframe&#8220; _builder_version=&#8220;4.16&#8243; custom_margin=&#8220;0px||0px||true&#8220; custom_padding=&#8220;||0px&#8220; global_colors_info=&#8220;{}&#8220; custom_css_main_element__hover_enabled=&#8220;on&#8220;]<iframe src=\"https:\/\/acs-traduction.tpbox.com\/TPBox?freequote&#038;&#038;&#038;&#038;&#038;&#038;&#038;GER\" id=\"freequote\" name=\"freequote\" style=\"width:100%; height:1000px;\"><\/iframe>[\/et_pb_code][\/et_pb_column][\/et_pb_row][\/et_pb_section]<\/p>\n","protected":false},"excerpt":{"rendered":"<p>Unser Team ist f\u00fcr Sie daSie brauchen eine Sprachdienstleistung f\u00fcrs Ausland? Wir sind f\u00fcr Sie da. &nbsp; Ein Projektmanager meldet sich werktags innerhalb von 60\u00a0Minuten bei IhnenUnsere \u00d6ffnungszeiten: Sie sind Firmenkunde? &nbsp; Rufen Sie uns an +33 (0)9 72 42 33 72 (FR) +33 (0)9 72 19 11 78 (EN) &nbsp; E-Mail contact@acs-traduction.com &nbsp; LinkedIn [&hellip;]<\/p>\n","protected":false},"author":8,"featured_media":0,"parent":0,"menu_order":0,"comment_status":"closed","ping_status":"closed","template":"","meta":{"_et_pb_use_builder":"on","_et_pb_old_content":"","_et_gb_content_width":"","phrase_has_initial_content_push":false,"footnotes":""},"yst_prominent_words":[1160,1156,1165,1159,1111,1162,1161,1157],"class_list":["post-9063","page","type-page","status-publish","hentry"],"_links":{"self":[{"href":"https:\/\/www.acs-traduction.com\/de\/wp-json\/wp\/v2\/pages\/9063","targetHints":{"allow":["GET"]}}],"collection":[{"href":"https:\/\/www.acs-traduction.com\/de\/wp-json\/wp\/v2\/pages"}],"about":[{"href":"https:\/\/www.acs-traduction.com\/de\/wp-json\/wp\/v2\/types\/page"}],"author":[{"embeddable":true,"href":"https:\/\/www.acs-traduction.com\/de\/wp-json\/wp\/v2\/users\/8"}],"replies":[{"embeddable":true,"href":"https:\/\/www.acs-traduction.com\/de\/wp-json\/wp\/v2\/comments?post=9063"}],"version-history":[{"count":2,"href":"https:\/\/www.acs-traduction.com\/de\/wp-json\/wp\/v2\/pages\/9063\/revisions"}],"predecessor-version":[{"id":14585,"href":"https:\/\/www.acs-traduction.com\/de\/wp-json\/wp\/v2\/pages\/9063\/revisions\/14585"}],"wp:attachment":[{"href":"https:\/\/www.acs-traduction.com\/de\/wp-json\/wp\/v2\/media?parent=9063"}],"wp:term":[{"taxonomy":"yst_prominent_words","embeddable":true,"href":"https:\/\/www.acs-traduction.com\/de\/wp-json\/wp\/v2\/yst_prominent_words?post=9063"}],"curies":[{"name":"wp","href":"https:\/\/api.w.org\/{rel}","templated":true}]}}